{"id":6717,"date":"2025-08-01T14:06:11","date_gmt":"2025-08-01T12:06:11","guid":{"rendered":"https:\/\/ctdesign.be\/?page_id=6717"},"modified":"2025-08-01T14:14:47","modified_gmt":"2025-08-01T12:14:47","slug":"creation-de-goodies-et-sacs-personnalises","status":"publish","type":"page","link":"https:\/\/ctdesign.be\/index.php\/creation-de-goodies-et-sacs-personnalises\/","title":{"rendered":"Cr\u00e9ation de goodies et sacs personnalis\u00e9s"},"content":{"rendered":"<div class=\"wpb-content-wrapper\"><p>[vc_row][vc_column][vc_column_text]<p>[\/vc_column_text][\/vc_column][\/vc_row][vc_row css=\u00a0\u00bb.vc_custom_1739111782966{margin-right: 60px !important;margin-left: 60px !important;padding-top: 30px !important;padding-bottom: 30px !important;}\u00a0\u00bb][vc_column width=\u00a0\u00bb1\/6&Prime;][\/vc_column][vc_column width=\u00a0\u00bb2\/3&Prime;]<div id=\"ultimate-heading-100469da08022185a\" class=\"uvc-heading ult-adjust-bottom-margin ultimate-heading-100469da08022185a uvc-4836 \" data-hspacer=\"line_with_icon\" data-hline_width=\"120\" data-hicon_type=\"selector\" data-hborder_style=\"solid\" data-hborder_height=\"3\" data-hborder_color=\"#ED5225\" data-icon_width=\"18\" data-hfixer=\"10\"  data-halign=\"center\" style=\"text-align:center\"><div class=\"uvc-main-heading ult-responsive\"  data-ultimate-target='.uvc-heading.ultimate-heading-100469da08022185a h1'  data-responsive-json-new='{\"font-size\":\"desktop:42px;mobile_landscape:34px;\",\"line-height\":\"desktop:52px;mobile_landscape:44px;\"}' ><h1 style=\"font-weight:bold;\">NOUS CR\u00c9ONS VOS GOODIES PERSONNALIS\u00c9S ET SACS<\/h1><\/div><div class=\"uvc-heading-spacer line_with_icon\" style=\"margin-bottom:20px;height:18px;\"><div class=\"ult-just-icon-wrapper  \"><div class=\"align-icon\" style=\"text-align:center;\">\n<div class=\"aio-icon none \"  style=\"color:#ED5225;font-size:18px;display:inline-block;\">\n\t<i class=\"icomoon-font-awesome-14x14-chevron-down\"><\/i>\n<\/div><\/div><\/div><\/div><\/div>[vc_column_text css=\u00a0\u00bb.vc_custom_1754050012193{padding-bottom: 35px !important;}\u00a0\u00bb]<\/p>\n<div class=\"flex-shrink-0 flex flex-col relative items-end\">\n<div class=\"pt-0\">\n<div class=\"gizmo-shadow-stroke flex h-8 w-8 items-center justify-center overflow-hidden rounded-full\">\n<div class=\"h-full w-full\">\n<h2 data-start=\"182\" data-end=\"223\">CR\u00c9ATION DE GOODIES PERSONNALIS\u00c9S<\/h2>\n<h3 data-start=\"224\" data-end=\"276\">Faites rayonner votre marque au-del\u00e0 de vos murs<\/h3>\n<p data-start=\"278\" data-end=\"593\">Un bon goodie ne se jette pas : il se garde, il se porte, il se partage.<br data-start=\"350\" data-end=\"353\" \/>T-shirts, casquettes, tote bags, carnets, mugs\u2026 je vous aide \u00e0 d\u00e9cliner votre identit\u00e9 visuelle sur des supports concrets, utiles et esth\u00e9tiques, pour <strong data-start=\"504\" data-end=\"533\">renforcer votre notori\u00e9t\u00e9<\/strong> et <strong data-start=\"537\" data-end=\"592\">ancrer votre image dans le quotidien de vos clients<\/strong>.<\/p>\n<p data-start=\"595\" data-end=\"792\">\u2714 Design align\u00e9 \u00e0 votre charte graphique<br data-start=\"635\" data-end=\"638\" \/>\u2714 S\u00e9lection de supports de qualit\u00e9<br data-start=\"672\" data-end=\"675\" \/>\u2714 Accompagnement sur les quantit\u00e9s, fournisseurs et finitions<br data-start=\"736\" data-end=\"739\" \/>\u2714 Id\u00e9es cr\u00e9atives pour cr\u00e9er du lien avec vos clients<\/p>\n<p data-start=\"794\" data-end=\"884\">Le bon goodie peut transformer un simple contact en v\u00e9ritable ambassadeur de votre marque.<\/p>\n<\/div>\n<\/div>\n<\/div>\n<\/div>\n<p>[\/vc_column_text][\/vc_column][vc_column width=\u00a0\u00bb1\/6&Prime;][\/vc_column][\/vc_row][vc_row full_width=\u00a0\u00bbstretch_row_content_no_spaces\u00a0\u00bb equal_height=\u00a0\u00bbyes\u00a0\u00bb css=\u00a0\u00bb.vc_custom_1739111199905{background-color: #f7f7f7 !important;}\u00a0\u00bb][vc_column css=\u00a0\u00bb.vc_custom_1509350239419{padding-top: 80px !important;padding-bottom: 60px !important;}\u00a0\u00bb offset=\u00a0\u00bbvc_col-lg-6 vc_col-md-6&Prime;][vc_row_inner][vc_column_inner width=\u00a0\u00bb2\/3&Prime; offset=\u00a0\u00bbvc_col-lg-offset-2 vc_col-lg-8 vc_col-md-offset-1 vc_col-md-10 vc_col-sm-offset-1&Prime; css=\u00a0\u00bb.vc_custom_1509347144158{padding-right: 20px !important;padding-left: 20px !important;}\u00a0\u00bb]<div id=\"ultimate-heading-576169da0802218e6\" class=\"uvc-heading ult-adjust-bottom-margin ultimate-heading-576169da0802218e6 uvc-2053 \" data-hspacer=\"line_with_icon\" data-hline_width=\"120\" data-hicon_type=\"selector\" data-hborder_style=\"solid\" data-hborder_height=\"3\" data-hborder_color=\"#f3615a\" data-icon_width=\"18\" data-hfixer=\"10\"  data-halign=\"center\" style=\"text-align:center\"><div class=\"uvc-main-heading ult-responsive\"  data-ultimate-target='.uvc-heading.ultimate-heading-576169da0802218e6 h1'  data-responsive-json-new='{\"font-size\":\"desktop:42px;mobile_landscape:34px;\",\"line-height\":\"desktop:52px;mobile_landscape:44px;\"}' ><h1 style=\"font-weight:bold;\">SUPPORTS \u2013 IDENTIT\u00c9 \u2013 VISIBILIT\u00c9<\/h1><\/div><div class=\"uvc-heading-spacer line_with_icon\" style=\"margin-bottom:40px;height:18px;\"><div class=\"ult-just-icon-wrapper  \"><div class=\"align-icon\" style=\"text-align:center;\">\n<div class=\"aio-icon none \"  style=\"color:#f3615a;font-size:18px;display:inline-block;\">\n\t<i class=\"icomoon-font-awesome-14x14-chevron-down\"><\/i>\n<\/div><\/div><\/div><\/div><\/div>[vc_column_text css=\u00a0\u00bb.vc_custom_1754050067252{padding-bottom: 35px !important;}\u00a0\u00bb]<\/p>\n<div class=\"flex-shrink-0 flex flex-col relative items-end\">\n<div class=\"pt-0\">\n<div class=\"gizmo-shadow-stroke flex h-8 w-8 items-center justify-center overflow-hidden rounded-full\">\n<div class=\"h-full w-full\">\n<h3 data-start=\"932\" data-end=\"981\">Votre univers, entre les mains de vos clients<\/h3>\n<p data-start=\"983\" data-end=\"1155\">Que ce soit pour un lancement, un \u00e9v\u00e9nement, une vente sp\u00e9ciale ou simplement pour faire plaisir :<br data-start=\"1081\" data-end=\"1084\" \/>les goodies personnalis\u00e9s sont un <strong data-start=\"1118\" data-end=\"1152\">excellent levier de visibilit\u00e9<\/strong>.<\/p>\n<p data-start=\"1157\" data-end=\"1408\">Nous concevons avec vous des objets qui parlent de vous, avec :<br data-start=\"1220\" data-end=\"1223\" \/>\u27a1\ufe0f Des visuels impactants et coh\u00e9rents avec votre image<br data-start=\"1278\" data-end=\"1281\" \/>\u27a1\ufe0f Des supports s\u00e9lectionn\u00e9s pour leur qualit\u00e9 et leur utilit\u00e9<br data-start=\"1343\" data-end=\"1346\" \/>\u27a1\ufe0f Des cr\u00e9ations pens\u00e9es pour \u00eatre vues, port\u00e9es, et partag\u00e9es<\/p>\n<p data-start=\"1410\" data-end=\"1522\">Offrez \u00e0 vos clients un objet qu\u2019ils auront envie de garder.<br data-start=\"1470\" data-end=\"1473\" \/>Et \u00e0 votre marque, une place dans leur quotidien.<\/p>\n<\/div>\n<\/div>\n<\/div>\n<\/div>\n<p>[\/vc_column_text][\/vc_column_inner][\/vc_row_inner][\/vc_column][vc_column css=\u00a0\u00bb.vc_custom_1754050437204{padding-top: 150px !important;padding-bottom: 150px !important;background-image: url(http:\/\/ctdesign.be\/wp-content\/uploads\/2025\/08\/creationd-e-sacs-personnalises.png?id=6720) !important;background-position: center !important;background-repeat: no-repeat !important;background-size: cover !important;}\u00a0\u00bb offset=\u00a0\u00bbvc_col-lg-6 vc_col-md-6&Prime;][\/vc_column][\/vc_row][vc_row css=\u00a0\u00bb.vc_custom_1739112345015{margin-right: 60px !important;margin-left: 60px !important;padding-top: 30px !important;padding-bottom: px !important;}\u00a0\u00bb][vc_column width=\u00a0\u00bb1\/6&Prime;][\/vc_column][vc_column width=\u00a0\u00bb2\/3&Prime;]<div id=\"ultimate-heading-418969da080221945\" class=\"uvc-heading ult-adjust-bottom-margin ultimate-heading-418969da080221945 uvc-1342 \" data-hspacer=\"line_with_icon\" data-hline_width=\"120\" data-hicon_type=\"selector\" data-hborder_style=\"solid\" data-hborder_height=\"3\" data-hborder_color=\"#ED5225\" data-icon_width=\"18\" data-hfixer=\"10\"  data-halign=\"center\" style=\"text-align:center\"><div class=\"uvc-main-heading ult-responsive\"  data-ultimate-target='.uvc-heading.ultimate-heading-418969da080221945 h1'  data-responsive-json-new='{\"font-size\":\"desktop:42px;mobile_landscape:34px;\",\"line-height\":\"desktop:52px;mobile_landscape:44px;\"}' ><h1 style=\"font-weight:bold;\">POURQUOI NOUS FAIRE CONFIANCE ?<\/h1><\/div><div class=\"uvc-heading-spacer line_with_icon\" style=\"margin-bottom:20px;height:18px;\"><div class=\"ult-just-icon-wrapper  \"><div class=\"align-icon\" style=\"text-align:center;\">\n<div class=\"aio-icon none \"  style=\"color:#ED5225;font-size:18px;display:inline-block;\">\n\t<i class=\"icomoon-font-awesome-14x14-chevron-down\"><\/i>\n<\/div><\/div><\/div><\/div><\/div>[vc_column_text css=\u00a0\u00bb.vc_custom_1739113540088{padding-bottom: 35px !important;}\u00a0\u00bb]<\/p>\n<div class=\"flex-shrink-0 flex flex-col relative items-end\">\n<div class=\"pt-0\">\n<div class=\"gizmo-shadow-stroke flex h-8 w-8 items-center justify-center overflow-hidden rounded-full\">\n<div class=\"h-full w-full\">\n<h2>\u00a0<\/h2>\n<p style=\"text-align: center;\"><strong>Nous avons \u00e9t\u00e9 commer\u00e7ants pendant 7 ans<\/strong> : nous comprenons l\u2019importance de l\u2019image pour vendre et fid\u00e9liser.<br \/><strong>Nous avons un \u0153il de styliste<\/strong> : chaque d\u00e9tail compte pour sublimer votre commerce.<br \/><strong>Nous avons 5 ans d\u2019exp\u00e9rience en agence web<\/strong> : nous savons exactement ce qui fonctionne sur les r\u00e9seaux sociaux et le digital.<br \/><strong>Nous vous offrons une gestion compl\u00e8te et cl\u00e9 en main<\/strong> : du shooting au montage, vous n\u2019avez rien \u00e0 faire, nous nous occupons de tout.<br \/><strong>Nous cr\u00e9ons des visuels qui convertissent<\/strong> : chaque photo et chaque vid\u00e9o sont pens\u00e9es pour <strong>captiver et inciter \u00e0 l\u2019action<\/strong>.<\/p>\n<p style=\"text-align: center;\"><strong>Votre image est votre premier atout pour attirer et fid\u00e9liser vos clients !<\/strong><\/p>\n<p style=\"text-align: center;\"><strong>Contactez-nous d\u00e8s aujourd\u2019hui pour un shooting ou une vid\u00e9o qui mettra en valeur votre commerce comme jamais.<\/strong><\/p>\n<p style=\"text-align: center;\">\ud83d\udce9 <strong>Discutons de votre projet d\u00e8s maintenant !<\/strong><\/p>\n<\/div>\n<\/div>\n<\/div>\n<\/div>\n<p>[\/vc_column_text][\/vc_column][vc_column width=\u00a0\u00bb1\/6&Prime;][\/vc_column][\/vc_row][vc_column offset=\u00a0\u00bbvc_col-lg-offset-0 vc_col-lg-12 vc_col-md-offset-0 vc_col-md-12 vc_col-sm-offset-0 vc_col-xs-12&Prime; css=\u00a0\u00bb.vc_custom_1737902360775{padding-bottom: 20px !important;}\u00a0\u00bb][\/vc_column][vc_column offset=\u00a0\u00bbvc_col-lg-offset-0 vc_col-lg-12 vc_col-md-offset-0 vc_col-md-12 vc_col-sm-offset-0 vc_col-xs-12&Prime; css=\u00a0\u00bb.vc_custom_1499347634300{padding-bottom: 20px !important;}\u00a0\u00bb][\/vc_column][vc_row][vc_column][vc_column_text]<\/p>\n[\/vc_column_text][\/vc_column][\/vc_row]<\/p><\/div>","protected":false},"excerpt":{"rendered":"<p>[vc_row][vc_column][vc_column_text][\/vc_column_text][\/vc_column][\/vc_row]<\/p>\n","protected":false},"author":1,"featured_media":0,"parent":0,"menu_order":0,"comment_status":"closed","ping_status":"closed","template":"elementor_header_footer","meta":{"footnotes":""},"class_list":["post-6717","page","type-page","status-publish","hentry","description-off"],"_links":{"self":[{"href":"https:\/\/ctdesign.be\/index.php\/wp-json\/wp\/v2\/pages\/6717","targetHints":{"allow":["GET"]}}],"collection":[{"href":"https:\/\/ctdesign.be\/index.php\/wp-json\/wp\/v2\/pages"}],"about":[{"href":"https:\/\/ctdesign.be\/index.php\/wp-json\/wp\/v2\/types\/page"}],"author":[{"embeddable":true,"href":"https:\/\/ctdesign.be\/index.php\/wp-json\/wp\/v2\/users\/1"}],"replies":[{"embeddable":true,"href":"https:\/\/ctdesign.be\/index.php\/wp-json\/wp\/v2\/comments?post=6717"}],"version-history":[{"count":5,"href":"https:\/\/ctdesign.be\/index.php\/wp-json\/wp\/v2\/pages\/6717\/revisions"}],"predecessor-version":[{"id":6724,"href":"https:\/\/ctdesign.be\/index.php\/wp-json\/wp\/v2\/pages\/6717\/revisions\/6724"}],"wp:attachment":[{"href":"https:\/\/ctdesign.be\/index.php\/wp-json\/wp\/v2\/media?parent=6717"}],"curies":[{"name":"wp","href":"https:\/\/api.w.org\/{rel}","templated":true}]}}