{"id":6696,"date":"2025-08-01T13:39:11","date_gmt":"2025-08-01T11:39:11","guid":{"rendered":"https:\/\/ctdesign.be\/?page_id=6696"},"modified":"2025-08-01T13:48:05","modified_gmt":"2025-08-01T11:48:05","slug":"emailing","status":"publish","type":"page","link":"https:\/\/ctdesign.be\/index.php\/emailing\/","title":{"rendered":"EMAILING"},"content":{"rendered":"<div class=\"wpb-content-wrapper\"><p>[vc_row][vc_column][vc_column_text][\/vc_column_text][\/vc_column][\/vc_row][vc_row css=\u00a0\u00bb.vc_custom_1739111782966{margin-right: 60px !important;margin-left: 60px !important;padding-top: 30px !important;padding-bottom: 30px !important;}\u00a0\u00bb][vc_column width=\u00a0\u00bb1\/6&Prime;][\/vc_column][vc_column width=\u00a0\u00bb2\/3&Prime;]<div id=\"ultimate-heading-318969da0888204a8\" class=\"uvc-heading ult-adjust-bottom-margin ultimate-heading-318969da0888204a8 uvc-9203 \" data-hspacer=\"line_with_icon\" data-hline_width=\"120\" data-hicon_type=\"selector\" data-hborder_style=\"solid\" data-hborder_height=\"3\" data-hborder_color=\"#ED5225\" data-icon_width=\"18\" data-hfixer=\"10\"  data-halign=\"center\" style=\"text-align:center\"><div class=\"uvc-main-heading ult-responsive\"  data-ultimate-target='.uvc-heading.ultimate-heading-318969da0888204a8 h1'  data-responsive-json-new='{\"font-size\":\"desktop:42px;mobile_landscape:34px;\",\"line-height\":\"desktop:52px;mobile_landscape:44px;\"}' ><h1 style=\"font-weight:bold;\">NOUS CR\u00c9ONS DES EMAILINGS POUR VOS CLIENTS<\/h1><\/div><div class=\"uvc-heading-spacer line_with_icon\" style=\"margin-bottom:20px;height:18px;\"><div class=\"ult-just-icon-wrapper  \"><div class=\"align-icon\" style=\"text-align:center;\">\n<div class=\"aio-icon none \"  style=\"color:#ED5225;font-size:18px;display:inline-block;\">\n\t<i class=\"icomoon-font-awesome-14x14-chevron-down\"><\/i>\n<\/div><\/div><\/div><\/div><\/div>[vc_column_text css=\u00a0\u00bb.vc_custom_1739113428671{padding-bottom: 35px !important;}\u00a0\u00bb]\u2709\ufe0f EMAIL MARKETING<\/p>\n<p>Restez dans l\u2019esprit de vos clients, m\u00eame quand ils ne sont pas devant votre vitrine<br \/>\nL\u2019emailing est l\u2019un des outils les plus puissants pour entretenir le lien avec votre audience.<br \/>\nBien utilis\u00e9, il permet de fid\u00e9liser, informer, vendre, c\u00e9l\u00e9brer, remercier, et tout simplement rappeler que vous \u00eates l\u00e0.<\/p>\n<p>Ce que nous mettons en place pour vous :<br \/>\n\u2714 Une strat\u00e9gie d\u2019emailing personnalis\u00e9e (newsletters, automatisations, relances, etc.)<br \/>\n\u2714 Des visuels et contenus coh\u00e9rents avec votre univers<br \/>\n\u2714 Une r\u00e9daction cibl\u00e9e et engageante<br \/>\n\u2714 Des envois automatiques ou manuels, selon vos besoins<br \/>\n\u2714 Des analyses de r\u00e9sultats pour ajuster ce qui fonctionne<\/p>\n<p>Vous gagnez en r\u00e9gularit\u00e9, en impact, et en proximit\u00e9 avec vos clients.[\/vc_column_text][\/vc_column][vc_column width=\u00a0\u00bb1\/6&Prime;][\/vc_column][\/vc_row][vc_row full_width=\u00a0\u00bbstretch_row_content_no_spaces\u00a0\u00bb equal_height=\u00a0\u00bbyes\u00a0\u00bb css=\u00a0\u00bb.vc_custom_1739111199905{background-color: #f7f7f7 !important;}\u00a0\u00bb][vc_column css=\u00a0\u00bb.vc_custom_1509350239419{padding-top: 80px !important;padding-bottom: 60px !important;}\u00a0\u00bb offset=\u00a0\u00bbvc_col-lg-6 vc_col-md-6&Prime;][vc_row_inner][vc_column_inner width=\u00a0\u00bb2\/3&Prime; offset=\u00a0\u00bbvc_col-lg-offset-2 vc_col-lg-8 vc_col-md-offset-1 vc_col-md-10 vc_col-sm-offset-1&Prime; css=\u00a0\u00bb.vc_custom_1509347144158{padding-right: 20px !important;padding-left: 20px !important;}\u00a0\u00bb]<div id=\"ultimate-heading-471169da08882052d\" class=\"uvc-heading ult-adjust-bottom-margin ultimate-heading-471169da08882052d uvc-2563 \" data-hspacer=\"line_with_icon\" data-hline_width=\"120\" data-hicon_type=\"selector\" data-hborder_style=\"solid\" data-hborder_height=\"3\" data-hborder_color=\"#f3615a\" data-icon_width=\"18\" data-hfixer=\"10\"  data-halign=\"center\" style=\"text-align:center\"><div class=\"uvc-main-heading ult-responsive\"  data-ultimate-target='.uvc-heading.ultimate-heading-471169da08882052d h1'  data-responsive-json-new='{\"font-size\":\"desktop:42px;mobile_landscape:34px;\",\"line-height\":\"desktop:52px;mobile_landscape:44px;\"}' ><h1 style=\"font-weight:bold;\">FID\u00c9LISATION \u2013 AUTOMATISATION \u2013 R\u00c9SULTATS<\/h1><\/div><div class=\"uvc-heading-spacer line_with_icon\" style=\"margin-bottom:40px;height:18px;\"><div class=\"ult-just-icon-wrapper  \"><div class=\"align-icon\" style=\"text-align:center;\">\n<div class=\"aio-icon none \"  style=\"color:#f3615a;font-size:18px;display:inline-block;\">\n\t<i class=\"icomoon-font-awesome-14x14-chevron-down\"><\/i>\n<\/div><\/div><\/div><\/div><\/div>[vc_column_text css=\u00a0\u00bb.vc_custom_1754048881156{padding-bottom: 35px !important;}\u00a0\u00bb]Faites de l\u2019email un levier puissant, et non une corv\u00e9e<br \/>\nVous manquez de temps pour \u00e9crire vos mails ?<br \/>\nVous n\u2019avez pas encore mis en place de sc\u00e9narios automatiques ?<br \/>\nVous envoyez sans vraiment analyser les r\u00e9sultats ?<br \/>\nOn s\u2019en occupe pour vous.<\/p>\n<p>Gr\u00e2ce \u00e0 une strat\u00e9gie d\u2019email marketing bien pens\u00e9e, vous pouvez :<br \/>\n\u27a1\ufe0f Maintenir un lien constant avec votre communaut\u00e9<br \/>\n\u27a1\ufe0f G\u00e9n\u00e9rer des ventes de fa\u00e7on r\u00e9guli\u00e8re<br \/>\n\u27a1\ufe0f Travailler votre image de marque dans la dur\u00e9e<\/p>\n<p>Nous cr\u00e9ons vos s\u00e9quences, vos newsletters et vos campagnes pour que chaque email ait une vraie valeur ajout\u00e9e.[\/vc_column_text][\/vc_column_inner][\/vc_row_inner][\/vc_column][vc_column css=\u00a0\u00bb.vc_custom_1754048751395{padding-top: 150px !important;padding-bottom: 150px !important;background-image: url(http:\/\/ctdesign.be\/wp-content\/uploads\/2025\/01\/wallpaper-8.jpg?id=6597) !important;background-position: center !important;background-repeat: no-repeat !important;background-size: cover !important;}\u00a0\u00bb offset=\u00a0\u00bbvc_col-lg-6 vc_col-md-6&Prime;][\/vc_column][\/vc_row][vc_row css=\u00a0\u00bb.vc_custom_1739112345015{margin-right: 60px !important;margin-left: 60px !important;padding-top: 30px !important;padding-bottom: px !important;}\u00a0\u00bb][vc_column width=\u00a0\u00bb1\/6&Prime;][\/vc_column][vc_column width=\u00a0\u00bb2\/3&Prime;]<div id=\"ultimate-heading-923669da088820588\" class=\"uvc-heading ult-adjust-bottom-margin ultimate-heading-923669da088820588 uvc-3967 \" data-hspacer=\"line_with_icon\" data-hline_width=\"120\" data-hicon_type=\"selector\" data-hborder_style=\"solid\" data-hborder_height=\"3\" data-hborder_color=\"#ED5225\" data-icon_width=\"18\" data-hfixer=\"10\"  data-halign=\"center\" style=\"text-align:center\"><div class=\"uvc-main-heading ult-responsive\"  data-ultimate-target='.uvc-heading.ultimate-heading-923669da088820588 h1'  data-responsive-json-new='{\"font-size\":\"desktop:42px;mobile_landscape:34px;\",\"line-height\":\"desktop:52px;mobile_landscape:44px;\"}' ><h1 style=\"font-weight:bold;\">POURQUOI NOUS FAIRE CONFIANCE ?<\/h1><\/div><div class=\"uvc-heading-spacer line_with_icon\" style=\"margin-bottom:20px;height:18px;\"><div class=\"ult-just-icon-wrapper  \"><div class=\"align-icon\" style=\"text-align:center;\">\n<div class=\"aio-icon none \"  style=\"color:#ED5225;font-size:18px;display:inline-block;\">\n\t<i class=\"icomoon-font-awesome-14x14-chevron-down\"><\/i>\n<\/div><\/div><\/div><\/div><\/div>[vc_column_text css=\u00a0\u00bb.vc_custom_1739113540088{padding-bottom: 35px !important;}\u00a0\u00bb]Nous avons \u00e9t\u00e9 commer\u00e7ants pendant 7 ans : nous comprenons l\u2019importance de l\u2019image pour vendre et fid\u00e9liser.<br \/>\nNous avons un \u0153il de styliste : chaque d\u00e9tail compte pour sublimer votre commerce.<br \/>\nNous avons 5 ans d\u2019exp\u00e9rience en agence web : nous savons exactement ce qui fonctionne sur les r\u00e9seaux sociaux et le digital.<br \/>\nNous vous offrons une gestion compl\u00e8te et cl\u00e9 en main : du shooting au montage, vous n\u2019avez rien \u00e0 faire, nous nous occupons de tout.<br \/>\nNous cr\u00e9ons des visuels qui convertissent : chaque photo et chaque vid\u00e9o sont pens\u00e9es pour captiver et inciter \u00e0 l\u2019action.<\/p>\n<p>Votre image est votre premier atout pour attirer et fid\u00e9liser vos clients !<\/p>\n<p>Contactez-nous d\u00e8s aujourd\u2019hui pour un shooting ou une vid\u00e9o qui mettra en valeur votre commerce comme jamais.<\/p>\n<p>Discutons de votre projet d\u00e8s maintenant ![\/vc_column_text][\/vc_column][vc_column width=\u00a0\u00bb1\/6&Prime;][\/vc_column][\/vc_row][vc_column offset=\u00a0\u00bbvc_col-lg-offset-0 vc_col-lg-12 vc_col-md-offset-0 vc_col-md-12 vc_col-sm-offset-0 vc_col-xs-12&Prime; css=\u00a0\u00bb.vc_custom_1737902360775{padding-bottom: 20px !important;}\u00a0\u00bb][\/vc_column][vc_column offset=\u00a0\u00bbvc_col-lg-offset-0 vc_col-lg-12 vc_col-md-offset-0 vc_col-md-12 vc_col-sm-offset-0 vc_col-xs-12&Prime; css=\u00a0\u00bb.vc_custom_1499347634300{padding-bottom: 20px !important;}\u00a0\u00bb][\/vc_column]<\/p>\n<\/div>","protected":false},"excerpt":{"rendered":"<p>[vc_row][vc_column][vc_column_text][\/vc_column_text][\/vc_column][\/vc_row][vc_row css=\u00a0\u00bb.vc_custom_1739111782966{margin-right: 60px !important;margin-left: 60px !important;padding-top: 30px !important;padding-bottom: 30px !important;}\u00a0\u00bb][vc_column width=\u00a0\u00bb1\/6&Prime;][\/vc_column][vc_column width=\u00a0\u00bb2\/3&Prime;][vc_column_text css=\u00a0\u00bb.vc_custom_1739113428671{padding-bottom: 35px !important;}\u00a0\u00bb]\u2709\ufe0f EMAIL MARKETING Restez dans l\u2019esprit de vos clients, m\u00eame quand ils ne sont pas devant votre vitrine L\u2019emailing est l\u2019un des outils les plus puissants pour entretenir le lien avec votre audience. Bien utilis\u00e9, il permet de fid\u00e9liser, informer, vendre,&hellip;<\/p>\n","protected":false},"author":1,"featured_media":0,"parent":0,"menu_order":0,"comment_status":"closed","ping_status":"closed","template":"elementor_header_footer","meta":{"footnotes":""},"class_list":["post-6696","page","type-page","status-publish","hentry","description-off"],"_links":{"self":[{"href":"https:\/\/ctdesign.be\/index.php\/wp-json\/wp\/v2\/pages\/6696","targetHints":{"allow":["GET"]}}],"collection":[{"href":"https:\/\/ctdesign.be\/index.php\/wp-json\/wp\/v2\/pages"}],"about":[{"href":"https:\/\/ctdesign.be\/index.php\/wp-json\/wp\/v2\/types\/page"}],"author":[{"embeddable":true,"href":"https:\/\/ctdesign.be\/index.php\/wp-json\/wp\/v2\/users\/1"}],"replies":[{"embeddable":true,"href":"https:\/\/ctdesign.be\/index.php\/wp-json\/wp\/v2\/comments?post=6696"}],"version-history":[{"count":7,"href":"https:\/\/ctdesign.be\/index.php\/wp-json\/wp\/v2\/pages\/6696\/revisions"}],"predecessor-version":[{"id":6703,"href":"https:\/\/ctdesign.be\/index.php\/wp-json\/wp\/v2\/pages\/6696\/revisions\/6703"}],"wp:attachment":[{"href":"https:\/\/ctdesign.be\/index.php\/wp-json\/wp\/v2\/media?parent=6696"}],"curies":[{"name":"wp","href":"https:\/\/api.w.org\/{rel}","templated":true}]}}