{"id":6681,"date":"2025-08-01T13:15:23","date_gmt":"2025-08-01T11:15:23","guid":{"rendered":"https:\/\/ctdesign.be\/?page_id=6681"},"modified":"2025-08-01T13:19:31","modified_gmt":"2025-08-01T11:19:31","slug":"identite-visuelle","status":"publish","type":"page","link":"https:\/\/ctdesign.be\/index.php\/identite-visuelle\/","title":{"rendered":"Identit\u00e9 visuelle"},"content":{"rendered":"<div class=\"wpb-content-wrapper\"><p>[vc_row][vc_column][vc_column_text][\/vc_column_text][\/vc_column][\/vc_row][vc_row css=\u00a0\u00bb.vc_custom_1739111782966{margin-right: 60px !important;margin-left: 60px !important;padding-top: 30px !important;padding-bottom: 30px !important;}\u00a0\u00bb][vc_column width=\u00a0\u00bb1\/6&Prime;][\/vc_column][vc_column width=\u00a0\u00bb2\/3&Prime;]<div id=\"ultimate-heading-287569da1ffe32105\" class=\"uvc-heading ult-adjust-bottom-margin ultimate-heading-287569da1ffe32105 uvc-4630 \" data-hspacer=\"line_with_icon\" data-hline_width=\"120\" data-hicon_type=\"selector\" data-hborder_style=\"solid\" data-hborder_height=\"3\" data-hborder_color=\"#ED5225\" data-icon_width=\"18\" data-hfixer=\"10\"  data-halign=\"center\" style=\"text-align:center\"><div class=\"uvc-main-heading ult-responsive\"  data-ultimate-target='.uvc-heading.ultimate-heading-287569da1ffe32105 h1'  data-responsive-json-new='{\"font-size\":\"desktop:42px;mobile_landscape:34px;\",\"line-height\":\"desktop:52px;mobile_landscape:44px;\"}' ><h1 style=\"font-weight:bold;\">NOUS CR\u00c9ONS VOTRE IDENTIT\u00c9 VISUELLE<\/h1><\/div><div class=\"uvc-heading-spacer line_with_icon\" style=\"margin-bottom:20px;height:18px;\"><div class=\"ult-just-icon-wrapper  \"><div class=\"align-icon\" style=\"text-align:center;\">\n<div class=\"aio-icon none \"  style=\"color:#ED5225;font-size:18px;display:inline-block;\">\n\t<i class=\"icomoon-font-awesome-14x14-chevron-down\"><\/i>\n<\/div><\/div><\/div><\/div><\/div>[vc_column_text css=\u00a0\u00bb.vc_custom_1739113428671{padding-bottom: 35px !important;}\u00a0\u00bb]<\/p>\n<h3 data-start=\"217\" data-end=\"295\">Une image claire, coh\u00e9rente et percutante pour faire rayonner votre marque<\/h3>\n<p data-start=\"297\" data-end=\"627\">Votre identit\u00e9 visuelle, c\u2019est <strong data-start=\"328\" data-end=\"354\">la premi\u00e8re impression<\/strong> que vous laissez. Elle parle pour vous avant m\u00eame qu\u2019un mot soit prononc\u00e9.<br data-start=\"429\" data-end=\"432\" \/>Un logo bien pens\u00e9, une charte graphique coh\u00e9rente, des supports imprim\u00e9s \u00e9l\u00e9gants\u2026 autant d\u2019\u00e9l\u00e9ments qui <strong data-start=\"538\" data-end=\"583\">posent les bases de votre image de marque<\/strong> et la rendent imm\u00e9diatement reconnaissable.<\/p>\n<p data-start=\"629\" data-end=\"1119\">Ce que je vous propose :<br data-start=\"653\" data-end=\"656\" \/>\u2714 Une <strong data-start=\"662\" data-end=\"679\">\u00e9coute active<\/strong> de votre univers, de vos valeurs et de vos objectifs<br data-start=\"732\" data-end=\"735\" \/>\u2714 La <strong data-start=\"740\" data-end=\"762\">cr\u00e9ation d\u2019un logo<\/strong> sur mesure, fort et m\u00e9morable<br data-start=\"792\" data-end=\"795\" \/>\u2714 Une <strong data-start=\"801\" data-end=\"830\">charte graphique compl\u00e8te<\/strong>, pens\u00e9e pour vous suivre partout : en ligne comme sur papier<br data-start=\"891\" data-end=\"894\" data-is-only-node=\"\" \/>\u2714 Des <strong data-start=\"900\" data-end=\"921\">supports imprim\u00e9s<\/strong> align\u00e9s \u00e0 votre image (cartes de visite, flyers, affiches, \u00e9tiquettes, etc.)<br data-start=\"998\" data-end=\"1001\" \/>\u2714 Et surtout : une <strong data-start=\"1020\" data-end=\"1051\">identit\u00e9 qui vous ressemble<\/strong>, et qui vous aide \u00e0 prendre votre place, clairement et avec impact.<\/p>\n<p data-start=\"1121\" data-end=\"1329\">Mon approche m\u00eale sens esth\u00e9tique, strat\u00e9gie et simplicit\u00e9.<br data-start=\"1180\" data-end=\"1183\" \/>Parce qu\u2019une belle identit\u00e9 visuelle ne doit pas \u00eatre juste jolie : elle doit <strong data-start=\"1261\" data-end=\"1328\">parler \u00e0 votre cible, vous distinguer et rester lisible partout<\/strong>.<\/p>\n<p>[\/vc_column_text][\/vc_column][vc_column width=\u00a0\u00bb1\/6&Prime;][\/vc_column][\/vc_row][vc_row full_width=\u00a0\u00bbstretch_row_content_no_spaces\u00a0\u00bb equal_height=\u00a0\u00bbyes\u00a0\u00bb css=\u00a0\u00bb.vc_custom_1739111199905{background-color: #f7f7f7 !important;}\u00a0\u00bb][vc_column css=\u00a0\u00bb.vc_custom_1509350239419{padding-top: 80px !important;padding-bottom: 60px !important;}\u00a0\u00bb offset=\u00a0\u00bbvc_col-lg-6 vc_col-md-6&Prime;][vc_row_inner][vc_column_inner width=\u00a0\u00bb2\/3&Prime; offset=\u00a0\u00bbvc_col-lg-offset-2 vc_col-lg-8 vc_col-md-offset-1 vc_col-md-10 vc_col-sm-offset-1&Prime; css=\u00a0\u00bb.vc_custom_1509347144158{padding-right: 20px !important;padding-left: 20px !important;}\u00a0\u00bb]<div id=\"ultimate-heading-616469da1ffe3218d\" class=\"uvc-heading ult-adjust-bottom-margin ultimate-heading-616469da1ffe3218d uvc-4958 \" data-hspacer=\"line_with_icon\" data-hline_width=\"120\" data-hicon_type=\"selector\" data-hborder_style=\"solid\" data-hborder_height=\"3\" data-hborder_color=\"#f3615a\" data-icon_width=\"18\" data-hfixer=\"10\"  data-halign=\"center\" style=\"text-align:center\"><div class=\"uvc-main-heading ult-responsive\"  data-ultimate-target='.uvc-heading.ultimate-heading-616469da1ffe3218d h1'  data-responsive-json-new='{\"font-size\":\"desktop:42px;mobile_landscape:34px;\",\"line-height\":\"desktop:52px;mobile_landscape:44px;\"}' ><h1 style=\"font-weight:bold;\">SUBLIMEZ VOTRE IMAGE<\/h1><\/div><div class=\"uvc-heading-spacer line_with_icon\" style=\"margin-bottom:40px;height:18px;\"><div class=\"ult-just-icon-wrapper  \"><div class=\"align-icon\" style=\"text-align:center;\">\n<div class=\"aio-icon none \"  style=\"color:#f3615a;font-size:18px;display:inline-block;\">\n\t<i class=\"icomoon-font-awesome-14x14-chevron-down\"><\/i>\n<\/div><\/div><\/div><\/div><\/div>[vc_column_text css=\u00a0\u00bb.vc_custom_1739113459173{padding-bottom: 35px !important;}\u00a0\u00bb]<\/p>\n<h2 data-start=\"265\" data-end=\"318\">UNE IDENTIT\u00c9 VISUELLE QUI RACONTE VOTRE HISTOIRE<\/h2>\n<h3 data-start=\"319\" data-end=\"353\">Plus qu\u2019un logo, une empreinte<\/h3>\n<p data-start=\"355\" data-end=\"636\">Votre identit\u00e9 visuelle, c\u2019est bien plus qu\u2019un simple logo.<br data-start=\"414\" data-end=\"417\" \/>C\u2019est une <strong data-start=\"427\" data-end=\"460\">ambiance, un ton, une \u00e9nergie<\/strong>. C\u2019est ce qui donne envie de vous d\u00e9couvrir, de vous faire confiance, de vous suivre. C\u2019est la <strong data-start=\"556\" data-end=\"578\">signature visuelle<\/strong> qui traduit tout ce que vous \u00eates, en un seul coup d\u2019\u0153il.<\/p>\n<p data-start=\"638\" data-end=\"980\">Je vous accompagne dans la cr\u00e9ation d\u2019une image de marque qui a du sens, \u00e0 travers :<br data-start=\"722\" data-end=\"725\" \/>\ud83c\udf3f Un <strong data-start=\"731\" data-end=\"750\">logo sur mesure<\/strong>, pens\u00e9 pour durer et \u00e9voluer avec vous<br data-start=\"789\" data-end=\"792\" \/>\ud83c\udfa8 Une <strong data-start=\"799\" data-end=\"830\">palette graphique coh\u00e9rente<\/strong>, qui exprime vos valeurs<br data-start=\"855\" data-end=\"858\" \/>\ud83d\udcc4 Des <strong data-start=\"865\" data-end=\"894\">supports imprim\u00e9s align\u00e9s<\/strong>, pour que chaque carte, flyer ou affiche refl\u00e8te parfaitement votre professionnalisme<\/p>\n<p data-start=\"982\" data-end=\"1227\">Mon objectif ?<br data-start=\"996\" data-end=\"999\" \/>Vous aider \u00e0 construire une image claire, \u00e9l\u00e9gante et impactante, qui attire naturellement vos clients id\u00e9aux.<br data-start=\"1109\" data-end=\"1112\" \/>Une image qui <strong data-start=\"1126\" data-end=\"1165\">raconte votre histoire, sans un mot<\/strong>, et qui vous distingue dans un univers parfois trop uniforme.<\/p>\n<p>[\/vc_column_text][\/vc_column_inner][\/vc_row_inner][\/vc_column][vc_column css=\u00a0\u00bb.vc_custom_1754047156204{padding-top: 150px !important;padding-bottom: 150px !important;background-image: url(http:\/\/ctdesign.be\/wp-content\/uploads\/2025\/08\/identite-visuelle-commercants.png?id=6683) !important;background-position: center !important;background-repeat: no-repeat !important;background-size: cover !important;}\u00a0\u00bb offset=\u00a0\u00bbvc_col-lg-6 vc_col-md-6&Prime;][\/vc_column][\/vc_row][vc_row css=\u00a0\u00bb.vc_custom_1739112345015{margin-right: 60px !important;margin-left: 60px !important;padding-top: 30px !important;padding-bottom: px !important;}\u00a0\u00bb][vc_column width=\u00a0\u00bb1\/6&Prime;][\/vc_column][vc_column width=\u00a0\u00bb2\/3&Prime;]<div id=\"ultimate-heading-419669da1ffe321eb\" class=\"uvc-heading ult-adjust-bottom-margin ultimate-heading-419669da1ffe321eb uvc-7338 \" data-hspacer=\"line_with_icon\" data-hline_width=\"120\" data-hicon_type=\"selector\" data-hborder_style=\"solid\" data-hborder_height=\"3\" data-hborder_color=\"#ED5225\" data-icon_width=\"18\" data-hfixer=\"10\"  data-halign=\"center\" style=\"text-align:center\"><div class=\"uvc-main-heading ult-responsive\"  data-ultimate-target='.uvc-heading.ultimate-heading-419669da1ffe321eb h1'  data-responsive-json-new='{\"font-size\":\"desktop:42px;mobile_landscape:34px;\",\"line-height\":\"desktop:52px;mobile_landscape:44px;\"}' ><h1 style=\"font-weight:bold;\">POURQUOI NOUS FAIRE CONFIANCE ?<\/h1><\/div><div class=\"uvc-heading-spacer line_with_icon\" style=\"margin-bottom:20px;height:18px;\"><div class=\"ult-just-icon-wrapper  \"><div class=\"align-icon\" style=\"text-align:center;\">\n<div class=\"aio-icon none \"  style=\"color:#ED5225;font-size:18px;display:inline-block;\">\n\t<i class=\"icomoon-font-awesome-14x14-chevron-down\"><\/i>\n<\/div><\/div><\/div><\/div><\/div>[vc_column_text css=\u00a0\u00bb.vc_custom_1739113540088{padding-bottom: 35px !important;}\u00a0\u00bb]Nous avons \u00e9t\u00e9 commer\u00e7ants pendant 7 ans : nous comprenons l\u2019importance de l\u2019image pour vendre et fid\u00e9liser.<br \/>\nNous avons un \u0153il de styliste : chaque d\u00e9tail compte pour sublimer votre commerce.<br \/>\nNous avons 5 ans d\u2019exp\u00e9rience en agence web : nous savons exactement ce qui fonctionne sur les r\u00e9seaux sociaux et le digital.<br \/>\nNous vous offrons une gestion compl\u00e8te et cl\u00e9 en main : du shooting au montage, vous n\u2019avez rien \u00e0 faire, nous nous occupons de tout.<br \/>\nNous cr\u00e9ons des visuels qui convertissent : chaque photo et chaque vid\u00e9o sont pens\u00e9es pour captiver et inciter \u00e0 l\u2019action.<\/p>\n<p>Votre image est votre premier atout pour attirer et fid\u00e9liser vos clients !<\/p>\n<p>Contactez-nous d\u00e8s aujourd\u2019hui pour un shooting ou une vid\u00e9o qui mettra en valeur votre commerce comme jamais.<\/p>\n<p>Discutons de votre projet d\u00e8s maintenant ![\/vc_column_text][\/vc_column][vc_column width=\u00a0\u00bb1\/6&Prime;][\/vc_column][\/vc_row][vc_column offset=\u00a0\u00bbvc_col-lg-offset-0 vc_col-lg-12 vc_col-md-offset-0 vc_col-md-12 vc_col-sm-offset-0 vc_col-xs-12&Prime; css=\u00a0\u00bb.vc_custom_1737902360775{padding-bottom: 20px !important;}\u00a0\u00bb][\/vc_column][vc_column offset=\u00a0\u00bbvc_col-lg-offset-0 vc_col-lg-12 vc_col-md-offset-0 vc_col-md-12 vc_col-sm-offset-0 vc_col-xs-12&Prime; css=\u00a0\u00bb.vc_custom_1499347634300{padding-bottom: 20px !important;}\u00a0\u00bb][\/vc_column]<\/p>\n<\/div>","protected":false},"excerpt":{"rendered":"<p>[vc_row][vc_column][vc_column_text][\/vc_column_text][\/vc_column][\/vc_row][vc_row css=\u00a0\u00bb.vc_custom_1739111782966{margin-right: 60px !important;margin-left: 60px !important;padding-top: 30px !important;padding-bottom: 30px !important;}\u00a0\u00bb][vc_column width=\u00a0\u00bb1\/6&Prime;][\/vc_column][vc_column width=\u00a0\u00bb2\/3&Prime;][vc_column_text css=\u00a0\u00bb.vc_custom_1739113428671{padding-bottom: 35px !important;}\u00a0\u00bb] Une image claire, coh\u00e9rente et percutante pour faire rayonner votre marque Votre identit\u00e9 visuelle, c\u2019est la premi\u00e8re impression que vous laissez. Elle parle pour vous avant m\u00eame qu\u2019un mot soit prononc\u00e9.Un logo bien pens\u00e9, une charte graphique coh\u00e9rente, des supports&hellip;<\/p>\n","protected":false},"author":1,"featured_media":0,"parent":0,"menu_order":0,"comment_status":"closed","ping_status":"closed","template":"elementor_header_footer","meta":{"footnotes":""},"class_list":["post-6681","page","type-page","status-publish","hentry"],"_links":{"self":[{"href":"https:\/\/ctdesign.be\/index.php\/wp-json\/wp\/v2\/pages\/6681","targetHints":{"allow":["GET"]}}],"collection":[{"href":"https:\/\/ctdesign.be\/index.php\/wp-json\/wp\/v2\/pages"}],"about":[{"href":"https:\/\/ctdesign.be\/index.php\/wp-json\/wp\/v2\/types\/page"}],"author":[{"embeddable":true,"href":"https:\/\/ctdesign.be\/index.php\/wp-json\/wp\/v2\/users\/1"}],"replies":[{"embeddable":true,"href":"https:\/\/ctdesign.be\/index.php\/wp-json\/wp\/v2\/comments?post=6681"}],"version-history":[{"count":3,"href":"https:\/\/ctdesign.be\/index.php\/wp-json\/wp\/v2\/pages\/6681\/revisions"}],"predecessor-version":[{"id":6685,"href":"https:\/\/ctdesign.be\/index.php\/wp-json\/wp\/v2\/pages\/6681\/revisions\/6685"}],"wp:attachment":[{"href":"https:\/\/ctdesign.be\/index.php\/wp-json\/wp\/v2\/media?parent=6681"}],"curies":[{"name":"wp","href":"https:\/\/api.w.org\/{rel}","templated":true}]}}