{"id":6665,"date":"2025-08-01T12:34:41","date_gmt":"2025-08-01T10:34:41","guid":{"rendered":"https:\/\/ctdesign.be\/?page_id=6665"},"modified":"2025-08-01T13:10:53","modified_gmt":"2025-08-01T11:10:53","slug":"evenements","status":"publish","type":"page","link":"https:\/\/ctdesign.be\/index.php\/evenements\/","title":{"rendered":"Evenements"},"content":{"rendered":"<div class=\"wpb-content-wrapper\"><p>[vc_row][vc_column][vc_column_text]<p>[\/vc_column_text][\/vc_column][\/vc_row][vc_row css=\u00a0\u00bb.vc_custom_1739111782966{margin-right: 60px !important;margin-left: 60px !important;padding-top: 30px !important;padding-bottom: 30px !important;}\u00a0\u00bb][vc_column width=\u00a0\u00bb1\/6&Prime;][\/vc_column][vc_column width=\u00a0\u00bb2\/3&Prime;]<div id=\"ultimate-heading-399769da0847d4352\" class=\"uvc-heading ult-adjust-bottom-margin ultimate-heading-399769da0847d4352 uvc-1700 \" data-hspacer=\"line_with_icon\" data-hline_width=\"120\" data-hicon_type=\"selector\" data-hborder_style=\"solid\" data-hborder_height=\"3\" data-hborder_color=\"#ED5225\" data-icon_width=\"18\" data-hfixer=\"10\"  data-halign=\"center\" style=\"text-align:center\"><div class=\"uvc-main-heading ult-responsive\"  data-ultimate-target='.uvc-heading.ultimate-heading-399769da0847d4352 h1'  data-responsive-json-new='{\"font-size\":\"desktop:42px;mobile_landscape:34px;\",\"line-height\":\"desktop:52px;mobile_landscape:44px;\"}' ><h1 style=\"font-weight:bold;\">NOUS G\u00c9RONS VOS \u00c9V\u00c8NEMENTS ET LANCEMENT DE PRODUITS<\/h1><\/div><div class=\"uvc-heading-spacer line_with_icon\" style=\"margin-bottom:20px;height:18px;\"><div class=\"ult-just-icon-wrapper  \"><div class=\"align-icon\" style=\"text-align:center;\">\n<div class=\"aio-icon none \"  style=\"color:#ED5225;font-size:18px;display:inline-block;\">\n\t<i class=\"icomoon-font-awesome-14x14-chevron-down\"><\/i>\n<\/div><\/div><\/div><\/div><\/div>[vc_column_text css=\u00a0\u00bb.vc_custom_1739113428671{padding-bottom: 35px !important;}\u00a0\u00bb]<\/p>\n<h3 style=\"text-align: center;\" data-start=\"226\" data-end=\"321\">Votre Partenaire Expert en \u00c9v\u00e9nementiel \u2013 Cr\u00e9ez une Exp\u00e9rience Inoubliable pour Vos Clients<\/h3>\n<p style=\"text-align: center;\" data-start=\"323\" data-end=\"703\">Dans un monde o\u00f9 l\u2019<strong data-start=\"342\" data-end=\"363\">exp\u00e9rience client<\/strong> est devenue centrale, cr\u00e9er des \u00e9v\u00e9nements percutants est un levier puissant pour vous d\u00e9marquer, fid\u00e9liser et faire rayonner votre univers de marque. Que ce soit un <strong data-start=\"530\" data-end=\"540\">d\u00e9fil\u00e9<\/strong>, une <strong data-start=\"546\" data-end=\"562\">vente priv\u00e9e<\/strong>, un <strong data-start=\"567\" data-end=\"594\">lancement de collection<\/strong> ou un <strong data-start=\"601\" data-end=\"618\">\u00e9v\u00e9nement VIP<\/strong>, chaque d\u00e9tail compte pour laisser une empreinte forte dans l\u2019esprit de vos clients.<\/p>\n<p style=\"text-align: center;\" data-start=\"705\" data-end=\"1332\">Et si nous en avons fait notre sp\u00e9cialit\u00e9, c\u2019est parce que nous avons le cocktail parfait pour concevoir des moments aussi beaux qu\u2019efficaces :<br data-start=\"848\" data-end=\"851\" \/>\u2714 <strong data-start=\"853\" data-end=\"887\">7 ans d\u2019exp\u00e9rience en boutique<\/strong> : nous savons comment capter l\u2019attention, cr\u00e9er du lien et comprendre ce que les clients attendent d\u2019un \u00e9v\u00e9nement r\u00e9ussi.<br data-start=\"1009\" data-end=\"1012\" \/>\u2714 <strong data-start=\"1014\" data-end=\"1064\">Une passion du stylisme et de la mise en sc\u00e8ne<\/strong> : sc\u00e9nographie, ambiance, identit\u00e9 visuelle\u2026 tout est pens\u00e9 pour que l\u2019univers de votre marque prenne vie.<br data-start=\"1171\" data-end=\"1174\" \/>\u2714 <strong data-start=\"1176\" data-end=\"1214\">Une expertise en marketing terrain<\/strong> : notre regard strat\u00e9gique transforme chaque \u00e9v\u00e9nement en v\u00e9ritable outil de communication, de vente et de notori\u00e9t\u00e9.<\/p>\n<p style=\"text-align: center;\" data-start=\"1334\" data-end=\"1559\">Nous ne nous contentons pas d\u2019organiser un \u00e9v\u00e9nement.<br data-start=\"1387\" data-end=\"1390\" \/>Nous <strong data-start=\"1395\" data-end=\"1434\">imaginons une exp\u00e9rience sur-mesure<\/strong>, fid\u00e8le \u00e0 votre image, fluide dans sa logistique, et <strong data-start=\"1488\" data-end=\"1523\">pens\u00e9e pour g\u00e9n\u00e9rer de l\u2019impact<\/strong> \u2013 humain, \u00e9motionnel et commercial.<\/p>\n<p>[\/vc_column_text][\/vc_column][vc_column width=\u00a0\u00bb1\/6&Prime;][\/vc_column][\/vc_row][vc_row full_width=\u00a0\u00bbstretch_row_content_no_spaces\u00a0\u00bb equal_height=\u00a0\u00bbyes\u00a0\u00bb css=\u00a0\u00bb.vc_custom_1739111199905{background-color: #f7f7f7 !important;}\u00a0\u00bb][vc_column css=\u00a0\u00bb.vc_custom_1509350239419{padding-top: 80px !important;padding-bottom: 60px !important;}\u00a0\u00bb offset=\u00a0\u00bbvc_col-lg-6 vc_col-md-6&Prime;][vc_row_inner][vc_column_inner width=\u00a0\u00bb2\/3&Prime; offset=\u00a0\u00bbvc_col-lg-offset-2 vc_col-lg-8 vc_col-md-offset-1 vc_col-md-10 vc_col-sm-offset-1&Prime; css=\u00a0\u00bb.vc_custom_1509347144158{padding-right: 20px !important;padding-left: 20px !important;}\u00a0\u00bb]<div id=\"ultimate-heading-469269da0847d43d6\" class=\"uvc-heading ult-adjust-bottom-margin ultimate-heading-469269da0847d43d6 uvc-7822 \" data-hspacer=\"line_with_icon\" data-hline_width=\"120\" data-hicon_type=\"selector\" data-hborder_style=\"solid\" data-hborder_height=\"3\" data-hborder_color=\"#f3615a\" data-icon_width=\"18\" data-hfixer=\"10\"  data-halign=\"center\" style=\"text-align:center\"><div class=\"uvc-main-heading ult-responsive\"  data-ultimate-target='.uvc-heading.ultimate-heading-469269da0847d43d6 h1'  data-responsive-json-new='{\"font-size\":\"desktop:42px;mobile_landscape:34px;\",\"line-height\":\"desktop:52px;mobile_landscape:44px;\"}' ><h1 style=\"font-weight:bold;\">SUBLIMEZ VOTRE IMAGE<\/h1><\/div><div class=\"uvc-heading-spacer line_with_icon\" style=\"margin-bottom:40px;height:18px;\"><div class=\"ult-just-icon-wrapper  \"><div class=\"align-icon\" style=\"text-align:center;\">\n<div class=\"aio-icon none \"  style=\"color:#f3615a;font-size:18px;display:inline-block;\">\n\t<i class=\"icomoon-font-awesome-14x14-chevron-down\"><\/i>\n<\/div><\/div><\/div><\/div><\/div>[vc_column_text css=\u00a0\u00bb.vc_custom_1739113459173{padding-bottom: 35px !important;}\u00a0\u00bb]<\/p>\n<h3 data-start=\"256\" data-end=\"319\">Des moments uniques pour r\u00e9v\u00e9ler l\u2019essence de votre univers<\/h3>\n<p data-start=\"321\" data-end=\"517\">Organiser un \u00e9v\u00e9nement, ce n\u2019est pas seulement faire venir des clients. C\u2019est <strong data-start=\"399\" data-end=\"423\">cr\u00e9er un moment fort<\/strong>, une parenth\u00e8se dans leur quotidien, o\u00f9 <strong data-start=\"464\" data-end=\"490\">votre marque prend vie<\/strong> et touche en plein c\u0153ur.<\/p>\n<p data-start=\"519\" data-end=\"743\">Qu\u2019il s\u2019agisse d\u2019un <strong data-start=\"539\" data-end=\"561\">d\u00e9fil\u00e9 en boutique<\/strong>, du <strong data-start=\"566\" data-end=\"600\">lancement d\u2019un nouveau produit<\/strong>, d\u2019un <strong data-start=\"607\" data-end=\"630\">brunch confidentiel<\/strong> ou d\u2019un <strong data-start=\"639\" data-end=\"663\">afterwork chaleureux<\/strong>, chaque \u00e9v\u00e9nement est pens\u00e9 comme une <strong data-start=\"702\" data-end=\"727\">exp\u00e9rience sur-mesure<\/strong>, \u00e0 votre image.<\/p>\n<p data-start=\"745\" data-end=\"1049\">Et si aujourd\u2019hui je vous accompagne dans cette aventure, c\u2019est parce que je l\u2019ai fait moi-m\u00eame, \u00e0 diff\u00e9rentes \u00e9chelles :<br data-start=\"866\" data-end=\"869\" \/>\u2714 des d\u00e9fil\u00e9s dans ma propre boutique ou dans des lieux plus grands,<br data-start=\"937\" data-end=\"940\" \/>\u2714 des ventes priv\u00e9es sc\u00e9nographi\u00e9es,<br data-start=\"976\" data-end=\"979\" \/>\u2714 des moments d\u2019\u00e9change simples et humains, mais toujours marquants.<\/p>\n<p data-start=\"1051\" data-end=\"1242\">Mon approche m\u00eale <strong data-start=\"1069\" data-end=\"1130\">cr\u00e9ativit\u00e9, sens du d\u00e9tail et sensibilit\u00e9 \u00e0 votre univers<\/strong>. L\u2019objectif : que vos clients repartent <strong data-start=\"1171\" data-end=\"1220\">touch\u00e9s, inspir\u00e9s et connect\u00e9s \u00e0 votre marque<\/strong> d\u2019une fa\u00e7on nouvelle.<\/p>\n<p data-start=\"1244\" data-end=\"1387\">Chaque \u00e9v\u00e9nement est con\u00e7u main dans la main avec vous, pour qu\u2019il soit <strong data-start=\"1316\" data-end=\"1386\">fluide \u00e0 organiser, agr\u00e9able \u00e0 vivre et impactant pour votre image<\/strong>.<\/p>\n<p>[\/vc_column_text][\/vc_column_inner][\/vc_row_inner][\/vc_column][vc_column css=\u00a0\u00bb.vc_custom_1754046195990{padding-top: 150px !important;padding-bottom: 150px !important;background-image: url(http:\/\/ctdesign.be\/wp-content\/uploads\/2025\/08\/defile-boutique-pour-commercants.png?id=6671) !important;background-position: center !important;background-repeat: no-repeat !important;background-size: cover !important;}\u00a0\u00bb offset=\u00a0\u00bbvc_col-lg-6 vc_col-md-6&Prime;][\/vc_column][\/vc_row][vc_row css=\u00a0\u00bb.vc_custom_1739112345015{margin-right: 60px !important;margin-left: 60px !important;padding-top: 30px !important;padding-bottom: px !important;}\u00a0\u00bb][vc_column width=\u00a0\u00bb1\/6&Prime;][\/vc_column][vc_column width=\u00a0\u00bb2\/3&Prime;]<div id=\"ultimate-heading-882869da0847d442d\" class=\"uvc-heading ult-adjust-bottom-margin ultimate-heading-882869da0847d442d uvc-8912 \" data-hspacer=\"line_with_icon\" data-hline_width=\"120\" data-hicon_type=\"selector\" data-hborder_style=\"solid\" data-hborder_height=\"3\" data-hborder_color=\"#ED5225\" data-icon_width=\"18\" data-hfixer=\"10\"  data-halign=\"center\" style=\"text-align:center\"><div class=\"uvc-main-heading ult-responsive\"  data-ultimate-target='.uvc-heading.ultimate-heading-882869da0847d442d h1'  data-responsive-json-new='{\"font-size\":\"desktop:42px;mobile_landscape:34px;\",\"line-height\":\"desktop:52px;mobile_landscape:44px;\"}' ><h1 style=\"font-weight:bold;\">POURQUOI NOUS FAIRE CONFIANCE ?<\/h1><\/div><div class=\"uvc-heading-spacer line_with_icon\" style=\"margin-bottom:20px;height:18px;\"><div class=\"ult-just-icon-wrapper  \"><div class=\"align-icon\" style=\"text-align:center;\">\n<div class=\"aio-icon none \"  style=\"color:#ED5225;font-size:18px;display:inline-block;\">\n\t<i class=\"icomoon-font-awesome-14x14-chevron-down\"><\/i>\n<\/div><\/div><\/div><\/div><\/div>[vc_column_text css=\u00a0\u00bb.vc_custom_1739113540088{padding-bottom: 35px !important;}\u00a0\u00bb]<\/p>\n<h2><\/h2>\n<p style=\"text-align: center;\"><strong>Nous avons \u00e9t\u00e9 commer\u00e7ants pendant 7 ans<\/strong> : nous comprenons l\u2019importance de l\u2019image pour vendre et fid\u00e9liser. <strong>Nous avons un \u0153il de styliste<\/strong> : chaque d\u00e9tail compte pour sublimer votre commerce. <strong>Nous avons 5 ans d\u2019exp\u00e9rience en agence web<\/strong> : nous savons exactement ce qui fonctionne sur les r\u00e9seaux sociaux et le digital. <strong>Nous vous offrons une gestion compl\u00e8te et cl\u00e9 en main<\/strong> : du shooting au montage, vous n\u2019avez rien \u00e0 faire, nous nous occupons de tout. <strong>Nous cr\u00e9ons des visuels qui convertissent<\/strong> : chaque photo et chaque vid\u00e9o sont pens\u00e9es pour <strong>captiver et inciter \u00e0 l\u2019action<\/strong>.<\/p>\n<p style=\"text-align: center;\"><strong>Votre image est votre premier atout pour attirer et fid\u00e9liser vos clients !<\/strong><\/p>\n<p style=\"text-align: center;\"><strong>Contactez-nous d\u00e8s aujourd\u2019hui pour un shooting ou une vid\u00e9o qui mettra en valeur votre commerce comme jamais.<\/strong><\/p>\n<p style=\"text-align: center;\">\ud83d\udce9 <strong>Discutons de votre projet d\u00e8s maintenant !<\/strong><\/p>\n<p>[\/vc_column_text][\/vc_column][vc_column width=\u00a0\u00bb1\/6&Prime;][\/vc_column][\/vc_row][vc_column offset=\u00a0\u00bbvc_col-lg-offset-0 vc_col-lg-12 vc_col-md-offset-0 vc_col-md-12 vc_col-sm-offset-0 vc_col-xs-12&Prime; css=\u00a0\u00bb.vc_custom_1737902360775{padding-bottom: 20px !important;}\u00a0\u00bb][\/vc_column][vc_column offset=\u00a0\u00bbvc_col-lg-offset-0 vc_col-lg-12 vc_col-md-offset-0 vc_col-md-12 vc_col-sm-offset-0 vc_col-xs-12&Prime; css=\u00a0\u00bb.vc_custom_1499347634300{padding-bottom: 20px !important;}\u00a0\u00bb][\/vc_column][vc_row][vc_column][vc_column_text]<\/p>\n[\/vc_column_text][\/vc_column][\/vc_row]<\/p>\n<\/div>","protected":false},"excerpt":{"rendered":"<p>[vc_row][vc_column][vc_column_text][\/vc_column_text][\/vc_column][\/vc_row]<\/p>\n","protected":false},"author":1,"featured_media":0,"parent":0,"menu_order":0,"comment_status":"closed","ping_status":"closed","template":"","meta":{"footnotes":""},"class_list":["post-6665","page","type-page","status-publish","hentry","description-off"],"_links":{"self":[{"href":"https:\/\/ctdesign.be\/index.php\/wp-json\/wp\/v2\/pages\/6665","targetHints":{"allow":["GET"]}}],"collection":[{"href":"https:\/\/ctdesign.be\/index.php\/wp-json\/wp\/v2\/pages"}],"about":[{"href":"https:\/\/ctdesign.be\/index.php\/wp-json\/wp\/v2\/types\/page"}],"author":[{"embeddable":true,"href":"https:\/\/ctdesign.be\/index.php\/wp-json\/wp\/v2\/users\/1"}],"replies":[{"embeddable":true,"href":"https:\/\/ctdesign.be\/index.php\/wp-json\/wp\/v2\/comments?post=6665"}],"version-history":[{"count":12,"href":"https:\/\/ctdesign.be\/index.php\/wp-json\/wp\/v2\/pages\/6665\/revisions"}],"predecessor-version":[{"id":6680,"href":"https:\/\/ctdesign.be\/index.php\/wp-json\/wp\/v2\/pages\/6665\/revisions\/6680"}],"wp:attachment":[{"href":"https:\/\/ctdesign.be\/index.php\/wp-json\/wp\/v2\/media?parent=6665"}],"curies":[{"name":"wp","href":"https:\/\/api.w.org\/{rel}","templated":true}]}}