{"id":6650,"date":"2025-02-09T16:02:46","date_gmt":"2025-02-09T15:02:46","guid":{"rendered":"https:\/\/ctdesign.be\/?page_id=6650"},"modified":"2025-11-02T09:19:30","modified_gmt":"2025-11-02T08:19:30","slug":"shooting-photo-et-video","status":"publish","type":"page","link":"https:\/\/ctdesign.be\/index.php\/shooting-photo-et-video\/","title":{"rendered":"Shooting Photo et Vid\u00e9o"},"content":{"rendered":"<div class=\"wpb-content-wrapper\"><p>[vc_row][vc_column][vc_column_text]<p>[\/vc_column_text][\/vc_column][\/vc_row][vc_row css=\u00a0\u00bb.vc_custom_1739111782966{margin-right: 60px !important;margin-left: 60px !important;padding-top: 30px !important;padding-bottom: 30px !important;}\u00a0\u00bb][vc_column width=\u00a0\u00bb1\/6&Prime;][\/vc_column][vc_column width=\u00a0\u00bb2\/3&Prime;]<div id=\"ultimate-heading-138469da13a34581b\" class=\"uvc-heading ult-adjust-bottom-margin ultimate-heading-138469da13a34581b uvc-6300 \" data-hspacer=\"line_with_icon\" data-hline_width=\"120\" data-hicon_type=\"selector\" data-hborder_style=\"solid\" data-hborder_height=\"3\" data-hborder_color=\"#ED5225\" data-icon_width=\"18\" data-hfixer=\"10\"  data-halign=\"center\" style=\"text-align:center\"><div class=\"uvc-main-heading ult-responsive\"  data-ultimate-target='.uvc-heading.ultimate-heading-138469da13a34581b h1'  data-responsive-json-new='{\"font-size\":\"desktop:42px;mobile_landscape:34px;\",\"line-height\":\"desktop:52px;mobile_landscape:44px;\"}' ><h1 style=\"font-weight:bold;\">NOUS G\u00c9RONS VOS SHOOTING PHOTO ET VID\u00c9O<\/h1><\/div><div class=\"uvc-heading-spacer line_with_icon\" style=\"margin-bottom:20px;height:18px;\"><div class=\"ult-just-icon-wrapper  \"><div class=\"align-icon\" style=\"text-align:center;\">\n<div class=\"aio-icon none \"  style=\"color:#ED5225;font-size:18px;display:inline-block;\">\n\t<i class=\"icomoon-font-awesome-14x14-chevron-down\"><\/i>\n<\/div><\/div><\/div><\/div><\/div>[vc_column_text css=\u00a0\u00bb.vc_custom_1739113428671{padding-bottom: 35px !important;}\u00a0\u00bb]<\/p>\n<div class=\"flex-shrink-0 flex flex-col relative items-end\">\n<div class=\"pt-0\">\n<div class=\"gizmo-shadow-stroke flex h-8 w-8 items-center justify-center overflow-hidden rounded-full\">\n<div class=\"h-full w-full\">\n<h3 style=\"text-align: center;\"><strong>Votre Partenaire Expert en Vid\u00e9o &amp; Shooting Photo \u2013 Sublimez l\u2019Image de Votre Commerce avec un Contenu Visuel Impactant<\/strong><\/h3>\n<p style=\"text-align: center;\">Dans un monde o\u00f9 <strong>l\u2019image est primordiale<\/strong>, il est essentiel de <strong>soigner la pr\u00e9sentation de votre commerce<\/strong> pour s\u00e9duire, convaincre et fid\u00e9liser vos clients. <strong>Que ce soit sur les r\u00e9seaux sociaux, votre site web ou vos supports de communication<\/strong>, des <strong>photos et vid\u00e9os professionnelles<\/strong> font toute la diff\u00e9rence.<\/p>\n<p style=\"text-align: center;\">Et si nous en avons fait notre sp\u00e9cialit\u00e9, c\u2019est parce que nous avons <strong>le package parfait<\/strong> pour cr\u00e9er des visuels qui marquent les esprits :<br \/>\n\u2714 <strong>7 ans d\u2019exp\u00e9rience en tant que commer\u00e7ant<\/strong> : nous savons exactement comment mettre en valeur un produit, un lieu ou une identit\u00e9 de marque.<br \/>\n\u2714 <strong>Une expertise en stylisme<\/strong> : nous avons l\u2019\u0153il du d\u00e9tail, du cadrage parfait, du jeu de lumi\u00e8re id\u00e9al, et de l\u2019esth\u00e9tique qui valorise votre commerce.<br \/>\n\u2714 <strong>5 ans en agence web<\/strong> : nous ma\u00eetrisons les tendances visuelles et les exigences des plateformes digitales pour des contenus qui attirent l\u2019attention et engagent votre audience.<\/p>\n<p style=\"text-align: center;\">Nous ne r\u00e9alisons pas simplement des shootings photo ou des vid\u00e9os. <strong>Nous cr\u00e9ons des visuels qui racontent une histoire, qui v\u00e9hiculent une \u00e9motion et qui captivent votre audience.<\/strong><\/p>\n<\/div>\n<\/div>\n<\/div>\n<\/div>\n<p>[\/vc_column_text][\/vc_column][vc_column width=\u00a0\u00bb1\/6&Prime;][\/vc_column][\/vc_row][vc_row full_width=\u00a0\u00bbstretch_row_content_no_spaces\u00a0\u00bb equal_height=\u00a0\u00bbyes\u00a0\u00bb css=\u00a0\u00bb.vc_custom_1739111199905{background-color: #f7f7f7 !important;}\u00a0\u00bb][vc_column css=\u00a0\u00bb.vc_custom_1509350239419{padding-top: 80px !important;padding-bottom: 60px !important;}\u00a0\u00bb offset=\u00a0\u00bbvc_col-lg-6 vc_col-md-6&Prime;][vc_row_inner][vc_column_inner width=\u00a0\u00bb2\/3&Prime; offset=\u00a0\u00bbvc_col-lg-offset-2 vc_col-lg-8 vc_col-md-offset-1 vc_col-md-10 vc_col-sm-offset-1&Prime; css=\u00a0\u00bb.vc_custom_1509347144158{padding-right: 20px !important;padding-left: 20px !important;}\u00a0\u00bb]<div id=\"ultimate-heading-550369da13a3458ae\" class=\"uvc-heading ult-adjust-bottom-margin ultimate-heading-550369da13a3458ae uvc-2918 \" data-hspacer=\"line_with_icon\" data-hline_width=\"120\" data-hicon_type=\"selector\" data-hborder_style=\"solid\" data-hborder_height=\"3\" data-hborder_color=\"#f3615a\" data-icon_width=\"18\" data-hfixer=\"10\"  data-halign=\"center\" style=\"text-align:center\"><div class=\"uvc-main-heading ult-responsive\"  data-ultimate-target='.uvc-heading.ultimate-heading-550369da13a3458ae h1'  data-responsive-json-new='{\"font-size\":\"desktop:42px;mobile_landscape:34px;\",\"line-height\":\"desktop:52px;mobile_landscape:44px;\"}' ><h1 style=\"font-weight:bold;\">SUBLIMEZ VOTRE IMAGE<\/h1><\/div><div class=\"uvc-heading-spacer line_with_icon\" style=\"margin-bottom:40px;height:18px;\"><div class=\"ult-just-icon-wrapper  \"><div class=\"align-icon\" style=\"text-align:center;\">\n<div class=\"aio-icon none \"  style=\"color:#f3615a;font-size:18px;display:inline-block;\">\n\t<i class=\"icomoon-font-awesome-14x14-chevron-down\"><\/i>\n<\/div><\/div><\/div><\/div><\/div>[vc_column_text css=\u00a0\u00bb.vc_custom_1754050695690{padding-bottom: 35px !important;}\u00a0\u00bb]<\/p>\n<div class=\"flex-shrink-0 flex flex-col relative items-end\">\n<div class=\"pt-0\">\n<div class=\"gizmo-shadow-stroke flex h-8 w-8 items-center justify-center overflow-hidden rounded-full\">\n<div class=\"h-full w-full\">\n<h2><strong>Une Offre Compl\u00e8te pour Sublimer Votre Image<\/strong><\/h2>\n<p>Nous vous accompagnons <strong>de A \u00e0 Z<\/strong> pour produire des contenus qui vous ressemblent et qui valorisent votre commerce.<\/p>\n<h3><strong>1. Shooting Photo Professionnel<\/strong><\/h3>\n<p><strong>Que ce soit pour vos produits, votre boutique, vos \u00e9quipes ou vos \u00e9v\u00e9nements, nous r\u00e9alisons des photos qui captent l\u2019essence de votre marque.<\/strong><br \/>\ud83d\udccc <strong>Mise en sc\u00e8ne soign\u00e9e<\/strong> pour sublimer vos produits et votre espace<br \/>\ud83d\udccc <strong>Cadrage et lumi\u00e8re optimis\u00e9s<\/strong> pour un rendu professionnel<br \/>\ud83d\udccc <strong>Photos adapt\u00e9es aux r\u00e9seaux sociaux et au web<\/strong> pour maximiser l\u2019impact<\/p>\n<h3><strong>2. Vid\u00e9os Dynamiques et Engageantes<\/strong><\/h3>\n<p><strong>La vid\u00e9o est le format le plus puissant pour captiver votre audience et booster votre visibilit\u00e9.<\/strong><br \/>\ud83c\udfa5 <strong>R\u00e9alisation de vid\u00e9os courtes et impactantes<\/strong> pour Facebook, Instagram et TikTok<br \/>\ud83c\udf9e <strong>Montage dynamique et storytelling engageant<\/strong> pour transmettre un message fort<br \/>\ud83d\udd0a <strong>Ajout de musique et d\u2019effets visuels attractifs<\/strong> pour un rendu professionnel<\/p>\n<h3><strong>3. Cr\u00e9ation de Contenu Sp\u00e9cifique pour Vos Campagnes Marketing<\/strong><\/h3>\n<p><strong>Nous adaptons nos shootings photo et vid\u00e9os en fonction de vos besoins et de vos objectifs marketing.<\/strong><br \/>\ud83d\udce3 Contenu adapt\u00e9 aux <strong>publicit\u00e9s Facebook et Instagram<\/strong><br \/>\ud83d\udcc6 <strong>Visuels et vid\u00e9os pour votre site web, affiches, newsletters et promotions<\/strong><br \/>\ud83d\udcca <strong>Format optimis\u00e9 pour chaque plateforme<\/strong> (carr\u00e9, vertical, horizontal)<\/p>\n<\/div>\n<\/div>\n<\/div>\n<\/div>\n<p>[\/vc_column_text][\/vc_column_inner][\/vc_row_inner][\/vc_column][vc_column css=\u00a0\u00bb.vc_custom_1739113496627{padding-top: 150px !important;padding-bottom: 150px !important;background-image: url(http:\/\/ctdesign.be\/wp-content\/uploads\/2025\/01\/Marketing-Agency-Team-Photoshoot-Inspo.jpg?id=6598) !important;background-position: center !important;background-repeat: no-repeat !important;background-size: cover !important;}\u00a0\u00bb offset=\u00a0\u00bbvc_col-lg-6 vc_col-md-6&Prime;][\/vc_column][\/vc_row][vc_row css=\u00a0\u00bb.vc_custom_1739112345015{margin-right: 60px !important;margin-left: 60px !important;padding-top: 30px !important;padding-bottom: px !important;}\u00a0\u00bb][vc_column width=\u00a0\u00bb1\/6&Prime;][\/vc_column][vc_column width=\u00a0\u00bb2\/3&Prime;]<div id=\"ultimate-heading-735669da13a34591c\" class=\"uvc-heading ult-adjust-bottom-margin ultimate-heading-735669da13a34591c uvc-2902 \" data-hspacer=\"line_with_icon\" data-hline_width=\"120\" data-hicon_type=\"selector\" data-hborder_style=\"solid\" data-hborder_height=\"3\" data-hborder_color=\"#ED5225\" data-icon_width=\"18\" data-hfixer=\"10\"  data-halign=\"center\" style=\"text-align:center\"><div class=\"uvc-main-heading ult-responsive\"  data-ultimate-target='.uvc-heading.ultimate-heading-735669da13a34591c h1'  data-responsive-json-new='{\"font-size\":\"desktop:42px;mobile_landscape:34px;\",\"line-height\":\"desktop:52px;mobile_landscape:44px;\"}' ><h1 style=\"font-weight:bold;\">POURQUOI NOUS FAIRE CONFIANCE ?<\/h1><\/div><div class=\"uvc-heading-spacer line_with_icon\" style=\"margin-bottom:20px;height:18px;\"><div class=\"ult-just-icon-wrapper  \"><div class=\"align-icon\" style=\"text-align:center;\">\n<div class=\"aio-icon none \"  style=\"color:#ED5225;font-size:18px;display:inline-block;\">\n\t<i class=\"icomoon-font-awesome-14x14-chevron-down\"><\/i>\n<\/div><\/div><\/div><\/div><\/div>[vc_column_text css=\u00a0\u00bb.vc_custom_1739113540088{padding-bottom: 35px !important;}\u00a0\u00bb]<\/p>\n<div class=\"flex-shrink-0 flex flex-col relative items-end\">\n<div class=\"pt-0\">\n<div class=\"gizmo-shadow-stroke flex h-8 w-8 items-center justify-center overflow-hidden rounded-full\">\n<div class=\"h-full w-full\">\n<h2><\/h2>\n<p style=\"text-align: center;\"><strong>Nous avons \u00e9t\u00e9 commer\u00e7ants pendant 7 ans<\/strong> : nous comprenons l\u2019importance de l\u2019image pour vendre et fid\u00e9liser.<br \/>\n<strong>Nous avons un \u0153il de styliste<\/strong> : chaque d\u00e9tail compte pour sublimer votre commerce.<br \/>\n<strong>Nous avons 5 ans d\u2019exp\u00e9rience en agence web<\/strong> : nous savons exactement ce qui fonctionne sur les r\u00e9seaux sociaux et le digital.<br \/>\n<strong>Nous vous offrons une gestion compl\u00e8te et cl\u00e9 en main<\/strong> : du shooting au montage, vous n\u2019avez rien \u00e0 faire, nous nous occupons de tout.<br \/>\n<strong>Nous cr\u00e9ons des visuels qui convertissent<\/strong> : chaque photo et chaque vid\u00e9o sont pens\u00e9es pour <strong>captiver et inciter \u00e0 l\u2019action<\/strong>.<\/p>\n<p style=\"text-align: center;\"><strong>Votre image est votre premier atout pour attirer et fid\u00e9liser vos clients !<\/strong><\/p>\n<p style=\"text-align: center;\"><strong>Contactez-nous d\u00e8s aujourd\u2019hui pour un shooting ou une vid\u00e9o qui mettra en valeur votre commerce comme jamais.<\/strong><\/p>\n<p style=\"text-align: center;\">\ud83d\udce9 <strong>Discutons de votre projet d\u00e8s maintenant !<\/strong><\/p>\n<\/div>\n<\/div>\n<\/div>\n<\/div>\n<p>[\/vc_column_text][\/vc_column][vc_column width=\u00a0\u00bb1\/6&Prime;][\/vc_column][\/vc_row][vc_column offset=\u00a0\u00bbvc_col-lg-offset-0 vc_col-lg-12 vc_col-md-offset-0 vc_col-md-12 vc_col-sm-offset-0 vc_col-xs-12&Prime; css=\u00a0\u00bb.vc_custom_1737902360775{padding-bottom: 20px !important;}\u00a0\u00bb][\/vc_column][vc_column offset=\u00a0\u00bbvc_col-lg-offset-0 vc_col-lg-12 vc_col-md-offset-0 vc_col-md-12 vc_col-sm-offset-0 vc_col-xs-12&Prime; css=\u00a0\u00bb.vc_custom_1499347634300{padding-bottom: 20px !important;}\u00a0\u00bb][\/vc_column]<\/p>\n<\/div>","protected":false},"excerpt":{"rendered":"<p>[vc_row][vc_column][vc_column_text]<\/p>\n","protected":false},"author":1,"featured_media":0,"parent":0,"menu_order":0,"comment_status":"closed","ping_status":"closed","template":"elementor_header_footer","meta":{"footnotes":""},"class_list":["post-6650","page","type-page","status-publish","hentry","description-off"],"_links":{"self":[{"href":"https:\/\/ctdesign.be\/index.php\/wp-json\/wp\/v2\/pages\/6650","targetHints":{"allow":["GET"]}}],"collection":[{"href":"https:\/\/ctdesign.be\/index.php\/wp-json\/wp\/v2\/pages"}],"about":[{"href":"https:\/\/ctdesign.be\/index.php\/wp-json\/wp\/v2\/types\/page"}],"author":[{"embeddable":true,"href":"https:\/\/ctdesign.be\/index.php\/wp-json\/wp\/v2\/users\/1"}],"replies":[{"embeddable":true,"href":"https:\/\/ctdesign.be\/index.php\/wp-json\/wp\/v2\/comments?post=6650"}],"version-history":[{"count":5,"href":"https:\/\/ctdesign.be\/index.php\/wp-json\/wp\/v2\/pages\/6650\/revisions"}],"predecessor-version":[{"id":6725,"href":"https:\/\/ctdesign.be\/index.php\/wp-json\/wp\/v2\/pages\/6650\/revisions\/6725"}],"wp:attachment":[{"href":"https:\/\/ctdesign.be\/index.php\/wp-json\/wp\/v2\/media?parent=6650"}],"curies":[{"name":"wp","href":"https:\/\/api.w.org\/{rel}","templated":true}]}}