{"id":6630,"date":"2025-02-09T15:00:50","date_gmt":"2025-02-09T14:00:50","guid":{"rendered":"https:\/\/ctdesign.be\/?page_id=6630"},"modified":"2025-11-02T09:19:30","modified_gmt":"2025-11-02T08:19:30","slug":"gestion-des-reseaux-sociaux","status":"publish","type":"page","link":"https:\/\/ctdesign.be\/index.php\/gestion-des-reseaux-sociaux\/","title":{"rendered":"Gestion des R\u00e9seaux Sociaux"},"content":{"rendered":"<div class=\"wpb-content-wrapper\"><p>[vc_row][vc_column][vc_column_text]<p>[\/vc_column_text][\/vc_column][\/vc_row][vc_row css=\u00a0\u00bb.vc_custom_1739111782966{margin-right: 60px !important;margin-left: 60px !important;padding-top: 30px !important;padding-bottom: 30px !important;}\u00a0\u00bb][vc_column width=\u00a0\u00bb1\/6&Prime;][\/vc_column][vc_column width=\u00a0\u00bb2\/3&Prime;]<div id=\"ultimate-heading-597869da0cfb693a0\" class=\"uvc-heading ult-adjust-bottom-margin ultimate-heading-597869da0cfb693a0 uvc-3297 \" data-hspacer=\"line_with_icon\" data-hline_width=\"120\" data-hicon_type=\"selector\" data-hborder_style=\"solid\" data-hborder_height=\"3\" data-hborder_color=\"#ED5225\" data-icon_width=\"18\" data-hfixer=\"10\"  data-halign=\"center\" style=\"text-align:center\"><div class=\"uvc-main-heading ult-responsive\"  data-ultimate-target='.uvc-heading.ultimate-heading-597869da0cfb693a0 h1'  data-responsive-json-new='{\"font-size\":\"desktop:42px;mobile_landscape:34px;\",\"line-height\":\"desktop:52px;mobile_landscape:44px;\"}' ><h1 style=\"font-weight:bold;\">NOUS G\u00c9RONS VOS R\u00c9SEAUX SOCIAUX<\/h1><\/div><div class=\"uvc-heading-spacer line_with_icon\" style=\"margin-bottom:20px;height:18px;\"><div class=\"ult-just-icon-wrapper  \"><div class=\"align-icon\" style=\"text-align:center;\">\n<div class=\"aio-icon none \"  style=\"color:#ED5225;font-size:18px;display:inline-block;\">\n\t<i class=\"icomoon-font-awesome-14x14-chevron-down\"><\/i>\n<\/div><\/div><\/div><\/div><\/div>[vc_column_text css=\u00a0\u00bb.vc_custom_1739112246831{padding-bottom: 35px !important;}\u00a0\u00bb]<\/p>\n<div class=\"flex-shrink-0 flex flex-col relative items-end\">\n<div class=\"pt-0\">\n<div class=\"gizmo-shadow-stroke flex h-8 w-8 items-center justify-center overflow-hidden rounded-full\">\n<div class=\"h-full w-full\">\n<h3 style=\"text-align: center;\"><strong>Votre Partenaire Expert en R\u00e9seaux Sociaux \u2013 Une Offre Globale pour les Commerces, Pens\u00e9e par des Commer\u00e7ants et des Experts du Digital<\/strong><\/h3>\n<p style=\"text-align: center;\">Chez nous, nous savons <strong>exactement ce que signifie g\u00e9rer un commerce<\/strong>, car nous avons \u00e9t\u00e9 nous-m\u00eames commer\u00e7ants pendant <strong>7 ans<\/strong>. Nous avons v\u00e9cu les d\u00e9fis du quotidien : attirer des clients, se d\u00e9marquer face \u00e0 la concurrence, g\u00e9rer la relation client, et surtout, trouver du temps pour s\u2019occuper du marketing digital tout en g\u00e9rant l\u2019activit\u00e9.<\/p>\n<p style=\"text-align: center;\">Mais ce n\u2019est pas tout. En plus d\u2019avoir \u00e9t\u00e9 commer\u00e7ants, nous avons aussi <strong>travaill\u00e9 5 ans en agence web<\/strong>, ce qui nous a permis de ma\u00eetriser <strong>les strat\u00e9gies digitales les plus performantes<\/strong> pour faire rayonner une entreprise sur les r\u00e9seaux sociaux.<\/p>\n<p style=\"text-align: center;\">Ajoutez \u00e0 cela <strong>notre expertise en stylisme<\/strong>, et vous obtenez un <strong>partenaire unique<\/strong> qui combine <strong>l\u2019exp\u00e9rience terrain, la ma\u00eetrise du digital et un sens aigu de l\u2019esth\u00e9tique<\/strong>. Nous savons que l\u2019image de votre commerce est primordiale : <strong>chaque publication, chaque visuel, chaque interaction doit \u00eatre soign\u00e9e et percutante<\/strong> pour s\u00e9duire vos clients et renforcer votre notori\u00e9t\u00e9.<\/p>\n<p style=\"text-align: center;\">C\u2019est cette <strong>exp\u00e9rience pr\u00e9cieuse et cette combinaison d\u2019expertises<\/strong> qui nous permettent aujourd\u2019hui d\u2019aider les commer\u00e7ants <strong>avec une approche sur-mesure et des solutions concr\u00e8tes<\/strong>. <strong>Nous ne sommes pas une simple agence de marketing digital : nous sommes des professionnels du commerce et du digital qui connaissent vos besoins et vos contraintes, et nous avons con\u00e7u une offre sp\u00e9cialement pour vous.<\/strong><\/p>\n<\/div>\n<\/div>\n<\/div>\n<\/div>\n<p>[\/vc_column_text][\/vc_column][vc_column width=\u00a0\u00bb1\/6&Prime;][\/vc_column][\/vc_row][vc_row full_width=\u00a0\u00bbstretch_row_content_no_spaces\u00a0\u00bb equal_height=\u00a0\u00bbyes\u00a0\u00bb css=\u00a0\u00bb.vc_custom_1739111199905{background-color: #f7f7f7 !important;}\u00a0\u00bb][vc_column css=\u00a0\u00bb.vc_custom_1509350239419{padding-top: 80px !important;padding-bottom: 60px !important;}\u00a0\u00bb offset=\u00a0\u00bbvc_col-lg-6 vc_col-md-6&Prime;][vc_row_inner][vc_column_inner width=\u00a0\u00bb2\/3&Prime; offset=\u00a0\u00bbvc_col-lg-offset-2 vc_col-lg-8 vc_col-md-offset-1 vc_col-md-10 vc_col-sm-offset-1&Prime; css=\u00a0\u00bb.vc_custom_1509347144158{padding-right: 20px !important;padding-left: 20px !important;}\u00a0\u00bb]<div id=\"ultimate-heading-545469da0cfb69435\" class=\"uvc-heading ult-adjust-bottom-margin ultimate-heading-545469da0cfb69435 uvc-3523 \" data-hspacer=\"line_with_icon\" data-hline_width=\"120\" data-hicon_type=\"selector\" data-hborder_style=\"solid\" data-hborder_height=\"3\" data-hborder_color=\"#f3615a\" data-icon_width=\"18\" data-hfixer=\"10\"  data-halign=\"center\" style=\"text-align:center\"><div class=\"uvc-main-heading ult-responsive\"  data-ultimate-target='.uvc-heading.ultimate-heading-545469da0cfb69435 h1'  data-responsive-json-new='{\"font-size\":\"desktop:42px;mobile_landscape:34px;\",\"line-height\":\"desktop:52px;mobile_landscape:44px;\"}' ><h1 style=\"font-weight:bold;\">UNE SOLUTION COMPL\u00c8TE<\/h1><\/div><div class=\"uvc-heading-spacer line_with_icon\" style=\"margin-bottom:40px;height:18px;\"><div class=\"ult-just-icon-wrapper  \"><div class=\"align-icon\" style=\"text-align:center;\">\n<div class=\"aio-icon none \"  style=\"color:#f3615a;font-size:18px;display:inline-block;\">\n\t<i class=\"icomoon-font-awesome-14x14-chevron-down\"><\/i>\n<\/div><\/div><\/div><\/div><\/div>[vc_column_text css=\u00a0\u00bb.vc_custom_1739111924469{padding-bottom: 35px !important;}\u00a0\u00bb]<\/p>\n<div class=\"flex-shrink-0 flex flex-col relative items-end\">\n<div class=\"pt-0\">\n<div class=\"gizmo-shadow-stroke flex h-8 w-8 items-center justify-center overflow-hidden rounded-full\">\n<div class=\"h-full w-full\">\n<h2><strong>\ud83d\ude80 Une Solution Compl\u00e8te et Cl\u00e9 en Main pour G\u00e9rer Vos R\u00e9seaux Sociaux<\/strong><\/h2>\n<p>Nous vous proposons une <strong>gestion globale de vos r\u00e9seaux sociaux Facebook et Instagram<\/strong>, afin que vous puissiez vous concentrer sur votre c\u0153ur de m\u00e9tier pendant que nous d\u00e9veloppons votre visibilit\u00e9 en ligne.<\/p>\n<p><strong>\u00a01. Cr\u00e9ation et Optimisation de Votre Pr\u00e9sence Digitale<\/strong><\/p>\n<p>\u2705 Cr\u00e9ation ou refonte de votre page Facebook et de votre compte Instagram<br \/>\u2705 Mise en place d\u2019un profil professionnel attractif et optimis\u00e9<br \/>\u2705 Int\u00e9gration des meilleures pratiques pour maximiser votre visibilit\u00e9<\/p>\n<p>&nbsp;<\/p>\n<p><strong>2. \u00c9laboration d\u2019une Strat\u00e9gie Marketing Personnalis\u00e9e<\/strong><\/p>\n<p>\ud83d\udccc Analyse de votre secteur d\u2019activit\u00e9 et de votre client\u00e8le cible<br \/>\ud83d\udccc D\u00e9finition d\u2019une ligne \u00e9ditoriale et d\u2019un ton adapt\u00e9s \u00e0 votre marque<br \/>\ud83d\udccc Planification de contenus strat\u00e9giques pour un impact maximal<\/p>\n<h3><strong>3. Cr\u00e9ation de Contenu Engageant et Impactant<\/strong><\/h3>\n<p>\ud83c\udfa8 Visuels professionnels en coh\u00e9rence avec votre identit\u00e9 de marque<br \/>\u270d\ufe0f R\u00e9daction de publications optimis\u00e9es pour l\u2019engagement et le SEO<br \/>\ud83c\udfa5 Vid\u00e9os et stories dynamiques pour capter l\u2019attention de votre audience<\/p>\n<h3><strong>4. Animation et Gestion de Votre Communaut\u00e9<\/strong><\/h3>\n<p>\ud83d\udcac R\u00e9ponse aux messages et aux commentaires<br \/>\ud83d\udc65 Mod\u00e9ration de votre communaut\u00e9 et gestion de votre e-r\u00e9putation<br \/>\ud83d\udce2 Mise en place de jeux concours et d\u2019actions interactives pour booster l\u2019engagement<\/p>\n<h3><strong>5. Publicit\u00e9 Facebook &amp; Instagram pour D\u00e9velopper Vos Ventes<\/strong><\/h3>\n<p>\ud83d\udcca Campagnes publicitaires cibl\u00e9es pour toucher vos futurs clients<br \/>\ud83c\udfaf Optimisation du budget pour maximiser votre retour sur investissement<br \/>\ud83d\udcc8 Suivi et ajustement des campagnes pour am\u00e9liorer les performances<\/p>\n<h3><strong>6. Analyse des R\u00e9sultats et Optimisation Continue<\/strong><\/h3>\n<p>\ud83d\udcca Rapports d\u00e9taill\u00e9s des performances de vos r\u00e9seaux sociaux<br \/>\ud83d\udccc Ajustements strat\u00e9giques pour une am\u00e9lioration constante<br \/>\ud83d\udd0e Adaptation aux tendances et aux attentes de votre audience<\/p>\n<\/div>\n<\/div>\n<\/div>\n<\/div>\n<p>[\/vc_column_text][\/vc_column_inner][\/vc_row_inner][\/vc_column][vc_column css=\u00a0\u00bb.vc_custom_1739112001356{padding-top: 150px !important;padding-bottom: 150px !important;background-image: url(http:\/\/ctdesign.be\/wp-content\/uploads\/2025\/01\/4.jpg?id=6603) !important;background-position: center !important;background-repeat: no-repeat !important;background-size: cover !important;}\u00a0\u00bb offset=\u00a0\u00bbvc_col-lg-6 vc_col-md-6&Prime;][\/vc_column][\/vc_row][vc_row css=\u00a0\u00bb.vc_custom_1739112345015{margin-right: 60px !important;margin-left: 60px !important;padding-top: 30px !important;padding-bottom: px !important;}\u00a0\u00bb][vc_column width=\u00a0\u00bb1\/6&Prime;][\/vc_column][vc_column width=\u00a0\u00bb2\/3&Prime;]<div id=\"ultimate-heading-670169da0cfb69495\" class=\"uvc-heading ult-adjust-bottom-margin ultimate-heading-670169da0cfb69495 uvc-2417 \" data-hspacer=\"line_with_icon\" data-hline_width=\"120\" data-hicon_type=\"selector\" data-hborder_style=\"solid\" data-hborder_height=\"3\" data-hborder_color=\"#ED5225\" data-icon_width=\"18\" data-hfixer=\"10\"  data-halign=\"center\" style=\"text-align:center\"><div class=\"uvc-main-heading ult-responsive\"  data-ultimate-target='.uvc-heading.ultimate-heading-670169da0cfb69495 h1'  data-responsive-json-new='{\"font-size\":\"desktop:42px;mobile_landscape:34px;\",\"line-height\":\"desktop:52px;mobile_landscape:44px;\"}' ><h1 style=\"font-weight:bold;\">POURQUOI NOUS FAIRE CONFIANCE ?<\/h1><\/div><div class=\"uvc-heading-spacer line_with_icon\" style=\"margin-bottom:20px;height:18px;\"><div class=\"ult-just-icon-wrapper  \"><div class=\"align-icon\" style=\"text-align:center;\">\n<div class=\"aio-icon none \"  style=\"color:#ED5225;font-size:18px;display:inline-block;\">\n\t<i class=\"icomoon-font-awesome-14x14-chevron-down\"><\/i>\n<\/div><\/div><\/div><\/div><\/div>[vc_column_text css=\u00a0\u00bb.vc_custom_1739112320819{padding-bottom: 35px !important;}\u00a0\u00bb]<\/p>\n<div class=\"flex-shrink-0 flex flex-col relative items-end\">\n<div class=\"pt-0\">\n<div class=\"gizmo-shadow-stroke flex h-8 w-8 items-center justify-center overflow-hidden rounded-full\">\n<div class=\"h-full w-full\">\n<p style=\"text-align: center;\"><strong>Nous avons \u00e9t\u00e9 commer\u00e7ants pendant 7 ans<\/strong> : nous comprenons vos besoins et savons ce qui fonctionne.<br \/><strong>Nous avons l\u2019\u0153il d\u2019un styliste<\/strong> : votre image de marque sera soign\u00e9e, \u00e9l\u00e9gante et coh\u00e9rente.<br \/><strong>Nous avons 5 ans d\u2019exp\u00e9rience en agence web<\/strong> : nous ma\u00eetrisons parfaitement les strat\u00e9gies digitales et les algorithmes des r\u00e9seaux sociaux.<br \/><strong>Nous vous offrons une gestion 100 % cl\u00e9 en main<\/strong> : vous n\u2019avez rien \u00e0 faire, nous nous occupons de tout.<br \/><strong>Nous combinons expertise, cr\u00e9ativit\u00e9 et performance<\/strong> pour d\u00e9velopper votre commerce avec efficacit\u00e9.<\/p>\n<p style=\"text-align: center;\"><strong>Votre commerce m\u00e9rite une image forte, une communication percutante et une strat\u00e9gie efficace sur les r\u00e9seaux sociaux !<\/strong><\/p>\n<p style=\"text-align: center;\"><strong>Contactez-nous d\u00e8s aujourd\u2019hui pour une consultation gratuite et d\u00e9couvrez comment nous pouvons transformer vos r\u00e9seaux sociaux en un v\u00e9ritable moteur de croissance.<\/strong><\/p>\n<p style=\"text-align: center;\">\ud83d\udce9 <strong>Parlons de votre projet d\u00e8s maintenant !<\/strong><\/p>\n<\/div>\n<\/div>\n<\/div>\n<\/div>\n<p>[\/vc_column_text][\/vc_column][vc_column width=\u00a0\u00bb1\/6&Prime;][\/vc_column][\/vc_row][vc_column offset=\u00a0\u00bbvc_col-lg-offset-0 vc_col-lg-12 vc_col-md-offset-0 vc_col-md-12 vc_col-sm-offset-0 vc_col-xs-12&Prime; css=\u00a0\u00bb.vc_custom_1737902360775{padding-bottom: 20px !important;}\u00a0\u00bb][\/vc_column][vc_column offset=\u00a0\u00bbvc_col-lg-offset-0 vc_col-lg-12 vc_col-md-offset-0 vc_col-md-12 vc_col-sm-offset-0 vc_col-xs-12&Prime; css=\u00a0\u00bb.vc_custom_1499347634300{padding-bottom: 20px !important;}\u00a0\u00bb][\/vc_column]<\/p>\n<\/div>","protected":false},"excerpt":{"rendered":"<p>[vc_row][vc_column][vc_column_text]<\/p>\n","protected":false},"author":1,"featured_media":0,"parent":0,"menu_order":0,"comment_status":"closed","ping_status":"closed","template":"","meta":{"footnotes":""},"class_list":["post-6630","page","type-page","status-publish","hentry"],"_links":{"self":[{"href":"https:\/\/ctdesign.be\/index.php\/wp-json\/wp\/v2\/pages\/6630","targetHints":{"allow":["GET"]}}],"collection":[{"href":"https:\/\/ctdesign.be\/index.php\/wp-json\/wp\/v2\/pages"}],"about":[{"href":"https:\/\/ctdesign.be\/index.php\/wp-json\/wp\/v2\/types\/page"}],"author":[{"embeddable":true,"href":"https:\/\/ctdesign.be\/index.php\/wp-json\/wp\/v2\/users\/1"}],"replies":[{"embeddable":true,"href":"https:\/\/ctdesign.be\/index.php\/wp-json\/wp\/v2\/comments?post=6630"}],"version-history":[{"count":17,"href":"https:\/\/ctdesign.be\/index.php\/wp-json\/wp\/v2\/pages\/6630\/revisions"}],"predecessor-version":[{"id":6656,"href":"https:\/\/ctdesign.be\/index.php\/wp-json\/wp\/v2\/pages\/6630\/revisions\/6656"}],"wp:attachment":[{"href":"https:\/\/ctdesign.be\/index.php\/wp-json\/wp\/v2\/media?parent=6630"}],"curies":[{"name":"wp","href":"https:\/\/api.w.org\/{rel}","templated":true}]}}